{"id":9427,"date":"2025-07-17T15:37:18","date_gmt":"2025-07-17T19:37:18","guid":{"rendered":"https:\/\/americanscentshygiene.com\/?post_type=product&#038;p=9427"},"modified":"2025-07-17T15:37:19","modified_gmt":"2025-07-17T19:37:19","slug":"toilet-paper-dispenser-round-roll-black-transparent","status":"publish","type":"product","link":"https:\/\/americanscentshygiene.com\/es\/producto\/toilet-paper-dispenser-round-roll-black-transparent\/","title":{"rendered":"Dispensador de papel higi\u00e9nico, rollo redondo, negro\/transparente"},"content":{"rendered":"<p>Dispensador de papel higi\u00e9nico<\/p>\n<p>Portarrollos de papel higi\u00e9nico C\u00f3digo PA 100:<\/p>\n<p>La soluci\u00f3n definitiva para la higiene y la eficiencia en entornos de alto tr\u00e1fico.<br \/>\nEs la opci\u00f3n ideal para entornos con tr\u00e1fico peatonal medio a alto donde el ahorro de tiempo y la reducci\u00f3n de costes son importantes.<\/p>\n<p>La alta capacidad reduce el tiempo de mantenimiento y garantiza que siempre haya papel disponible.<\/p>\n<p>Ideal para ba\u00f1os de oficinas, cl\u00ednicas, hospitales, plantas industriales, espacios comerciales y lugares con mucho tr\u00e1fico peatonal.<\/p>\n<p>Caracter\u00edsticas y beneficios:<\/p>\n<p>Construcci\u00f3n Robusta: Los colores blanco y negro transparente est\u00e1n inyectados con policarbonato de primera calidad (en colores blanco y negro transparente), lo que garantiza una extrema durabilidad y calidad del producto, resistente a impactos y desgaste, asegurando una larga vida \u00fatil.<\/p>\n<p>Material de f\u00e1cil limpieza, contribuyendo a mantener la higiene.<\/p>\n<p>Sistema de recarga r\u00e1pido y eficiente:<br \/>\nSistema intuitivo que permite cambiar el rollo de papel en segundos, optimizando el tiempo del personal de limpieza.<br \/>\nReduce las interrupciones y garantiza la disponibilidad constante de papel higi\u00e9nico.<\/p>\n<p>Dise\u00f1o inteligente y funcional para m\u00e1xima higiene:<br \/>\nDise\u00f1o elegante que combina practicidad y sofisticaci\u00f3n. Su superficie y dise\u00f1o lisos minimizan la acumulaci\u00f3n de suciedad y bacterias.<\/p>\n<p>Disponible en 3 colores: blanco y negro liso, blanco transparente y negro transparente. El modelo transparente facilita la comprobaci\u00f3n del momento de reposici\u00f3n del papel.<\/p>\n<p>Adaptable a cualquier estilo de decoraci\u00f3n.<\/p>\n<p>Especificaciones t\u00e9cnicas:<\/p>\n<p>C\u00f3digo: PA100<\/p>\n<p>Peso neto: 0,680 kg<\/p>\n<p>N.\u00ba de cat\u00e1logo: 3922.90.00.<\/p>\n<p>Marca: Amrican Scent.<\/p>\n<p>Material: Policarbonato en color blanco transparente y negro.<\/p>\n<p>Color: Blanco transparente, negro transparente o blanco y negro s\u00f3lidos.<\/p>\n<p>Forma: Redonda<\/p>\n<p>Dimensiones: Pr 28 x Pr 13 cm<\/p>\n<p>Capacidad: Rollos de hasta 500 metros.<\/p>\n<p>\u2013 Garant\u00eda: 3 meses contra defectos de fabricaci\u00f3n.<\/p>","protected":false},"excerpt":{"rendered":"<p>Toilet Paper Dispenser Toilet Paper Roll Holder Code PA 100: The Ultimate Solution for Hygiene and Efficiency in High-Traffic Environments.<\/p>","protected":false},"featured_media":9417,"comment_status":"open","ping_status":"closed","template":"","meta":[],"product_brand":[],"product_cat":[29,89],"product_tag":[],"class_list":{"0":"post-9427","1":"product","2":"type-product","3":"status-publish","4":"has-post-thumbnail","6":"product_cat-alcohol-gel","7":"product_cat-dispensers","9":"first","10":"instock","11":"taxable","12":"shipping-taxable","13":"purchasable","14":"product-type-simple"},"_links":{"self":[{"href":"https:\/\/americanscentshygiene.com\/es\/wp-json\/wp\/v2\/product\/9427","targetHints":{"allow":["GET"]}}],"collection":[{"href":"https:\/\/americanscentshygiene.com\/es\/wp-json\/wp\/v2\/product"}],"about":[{"href":"https:\/\/americanscentshygiene.com\/es\/wp-json\/wp\/v2\/types\/product"}],"replies":[{"embeddable":true,"href":"https:\/\/americanscentshygiene.com\/es\/wp-json\/wp\/v2\/comments?post=9427"}],"version-history":[{"count":2,"href":"https:\/\/americanscentshygiene.com\/es\/wp-json\/wp\/v2\/product\/9427\/revisions"}],"predecessor-version":[{"id":9429,"href":"https:\/\/americanscentshygiene.com\/es\/wp-json\/wp\/v2\/product\/9427\/revisions\/9429"}],"wp:featuredmedia":[{"embeddable":true,"href":"https:\/\/americanscentshygiene.com\/es\/wp-json\/wp\/v2\/media\/9417"}],"wp:attachment":[{"href":"https:\/\/americanscentshygiene.com\/es\/wp-json\/wp\/v2\/media?parent=9427"}],"wp:term":[{"taxonomy":"product_brand","embeddable":true,"href":"https:\/\/americanscentshygiene.com\/es\/wp-json\/wp\/v2\/product_brand?post=9427"},{"taxonomy":"product_cat","embeddable":true,"href":"https:\/\/americanscentshygiene.com\/es\/wp-json\/wp\/v2\/product_cat?post=9427"},{"taxonomy":"product_tag","embeddable":true,"href":"https:\/\/americanscentshygiene.com\/es\/wp-json\/wp\/v2\/product_tag?post=9427"}],"curies":[{"name":"gracias","href":"https:\/\/api.w.org\/{rel}","templated":true}]}}