{"id":9409,"date":"2025-07-17T13:03:30","date_gmt":"2025-07-17T17:03:30","guid":{"rendered":"https:\/\/americanscentshygiene.com\/?post_type=product&#038;p=9409"},"modified":"2025-07-17T13:03:30","modified_gmt":"2025-07-17T17:03:30","slug":"black-transparent-square-interleaved-paper-towel-dispenser","status":"publish","type":"product","link":"https:\/\/americanscentshygiene.com\/es\/producto\/black-transparent-square-interleaved-paper-towel-dispenser\/","title":{"rendered":"Dispensador de toallas de papel intercaladas cuadradas negras\/transparentes"},"content":{"rendered":"<p>Dispensador de papel higi\u00e9nico<\/p>\n<p>Porta toallas de papel intercaladas C\u00f3digo PA 100:<\/p>\n<p>La soluci\u00f3n definitiva para la higiene y la eficiencia en entornos de alto tr\u00e1fico.<br \/>\nEs la opci\u00f3n ideal para entornos con tr\u00e1fico peatonal medio a alto donde el ahorro de tiempo y la reducci\u00f3n de costes son importantes.<\/p>\n<p>La alta capacidad reduce el tiempo de mantenimiento y garantiza que siempre haya papel disponible.<\/p>\n<p>Ideal para ba\u00f1os en oficinas, cl\u00ednicas, hospitales, plantas industriales, espacios comerciales y lugares con alto tr\u00e1fico peatonal.<\/p>\n<p>Caracter\u00edsticas y beneficios:<\/p>\n<p>Construcci\u00f3n Robusta: Los colores blanco y negro transparente est\u00e1n inyectados con policarbonato de primera calidad (en colores blanco y negro transparente), lo que garantiza una extrema durabilidad y calidad del producto, resistente a impactos y desgaste, asegurando una larga vida \u00fatil.<\/p>\n<p>Material de f\u00e1cil limpieza, contribuyendo a mantener la higiene.<\/p>\n<p>Sistema de recarga r\u00e1pido y eficiente:<br \/>\nSistema intuitivo que permite cambiar el rollo de papel en segundos, optimizando el tiempo del personal de limpieza.<br \/>\nReduce las interrupciones y garantiza la disponibilidad constante de toallas de papel.<\/p>\n<p>&nbsp;<\/p>\n<p>Dise\u00f1o inteligente y funcional para m\u00e1xima higiene:<\/p>\n<p>Dise\u00f1o elegante que combina practicidad y sofisticaci\u00f3n. Su superficie y dise\u00f1o lisos minimizan la acumulaci\u00f3n de suciedad y bacterias.<\/p>\n<p>Disponible en 3 colores: blanco y negro liso, blanco transparente y negro transparente. El modelo transparente facilita la comprobaci\u00f3n de la necesidad de reponer papel.<\/p>\n<p>Se adapta a cualquier estilo de decoraci\u00f3n.<\/p>\n<p>Especificaciones t\u00e9cnicas:<\/p>\n<p>C\u00f3digo: PA100<\/p>\n<p>Peso neto: 0,663 kg<\/p>\n<p>N.\u00ba de cat\u00e1logo: 3922.90.00.<\/p>\n<p>Marca: American Scents.<\/p>\n<p>Material: Policarbonato en color blanco transparente y negro.<\/p>\n<p>Color: Blanco transparente, negro transparente o blanco y negro s\u00f3lidos.<\/p>\n<p>Formato: Cuadrado<\/p>\n<p>Dimensiones: An 24 x Al 29 x Pr 10,2 cm<\/p>\n<p>Capacidad: hasta 750 hojas<\/p>\n<p>\u2013 Garant\u00eda: 3 meses contra defectos de fabricaci\u00f3n.<\/p>","protected":false},"excerpt":{"rendered":"<p>Toilet Paper Dispenser Interleaved Paper Towel Holder Code PA 100: The Ultimate Solution for Hygiene and Efficiency in High-Traffic Environments.<\/p>","protected":false},"featured_media":9410,"comment_status":"open","ping_status":"closed","template":"","meta":[],"product_brand":[],"product_cat":[89],"product_tag":[],"class_list":{"0":"post-9409","1":"product","2":"type-product","3":"status-publish","4":"has-post-thumbnail","6":"product_cat-dispensers","8":"first","9":"instock","10":"taxable","11":"shipping-taxable","12":"purchasable","13":"product-type-simple"},"_links":{"self":[{"href":"https:\/\/americanscentshygiene.com\/es\/wp-json\/wp\/v2\/product\/9409","targetHints":{"allow":["GET"]}}],"collection":[{"href":"https:\/\/americanscentshygiene.com\/es\/wp-json\/wp\/v2\/product"}],"about":[{"href":"https:\/\/americanscentshygiene.com\/es\/wp-json\/wp\/v2\/types\/product"}],"replies":[{"embeddable":true,"href":"https:\/\/americanscentshygiene.com\/es\/wp-json\/wp\/v2\/comments?post=9409"}],"version-history":[{"count":1,"href":"https:\/\/americanscentshygiene.com\/es\/wp-json\/wp\/v2\/product\/9409\/revisions"}],"predecessor-version":[{"id":9412,"href":"https:\/\/americanscentshygiene.com\/es\/wp-json\/wp\/v2\/product\/9409\/revisions\/9412"}],"wp:featuredmedia":[{"embeddable":true,"href":"https:\/\/americanscentshygiene.com\/es\/wp-json\/wp\/v2\/media\/9410"}],"wp:attachment":[{"href":"https:\/\/americanscentshygiene.com\/es\/wp-json\/wp\/v2\/media?parent=9409"}],"wp:term":[{"taxonomy":"product_brand","embeddable":true,"href":"https:\/\/americanscentshygiene.com\/es\/wp-json\/wp\/v2\/product_brand?post=9409"},{"taxonomy":"product_cat","embeddable":true,"href":"https:\/\/americanscentshygiene.com\/es\/wp-json\/wp\/v2\/product_cat?post=9409"},{"taxonomy":"product_tag","embeddable":true,"href":"https:\/\/americanscentshygiene.com\/es\/wp-json\/wp\/v2\/product_tag?post=9409"}],"curies":[{"name":"gracias","href":"https:\/\/api.w.org\/{rel}","templated":true}]}}