{"id":9399,"date":"2025-07-17T11:10:03","date_gmt":"2025-07-17T15:10:03","guid":{"rendered":"https:\/\/americanscentshygiene.com\/?post_type=product&#038;p=9399"},"modified":"2025-07-17T11:51:27","modified_gmt":"2025-07-17T15:51:27","slug":"black-and-white-square-interleaved-paper-towel-dispenser","status":"publish","type":"product","link":"https:\/\/americanscentshygiene.com\/es\/producto\/black-and-white-square-interleaved-paper-towel-dispenser\/","title":{"rendered":"Dispensador de toallas de papel intercaladas cuadradas en blanco y negro"},"content":{"rendered":"<pre class=\"tw-data-text tw-text-large tw-ta\" dir=\"ltr\" data-placeholder=\"Tradu\u00e7\u00e3o\" data-ved=\"2ahUKEwjJ0a7-isSOAxXHGbkGHQ4yNXwQ3ewLegQIDRAV\" aria-label=\"Dispensador de papel higi\u00e9nico con porta toallas intercalado, c\u00f3digo PA 100: La soluci\u00f3n definitiva para la higiene y la eficiencia en entornos de alto tr\u00e1nsito. Es la opci\u00f3n ideal para entornos con tr\u00e1fico peatonal medio a alto, donde el ahorro de tiempo y la reducci\u00f3n de costos son importantes. Su alta capacidad reduce el tiempo de mantenimiento y garantiza la disponibilidad constante de papel. Ideal para ba\u00f1os en oficinas, cl\u00ednicas, hospitales, plantas industriales, espacios comerciales y lugares con alto tr\u00e1nsito peatonal. Caracter\u00edsticas y beneficios: Construcci\u00f3n robusta: Los colores blanco y negro transparentes est\u00e1n inyectados con policarbonato premium (en los colores blanco y negro transparente), lo que garantiza una durabilidad y calidad extremas del producto, resistente a impactos y desgaste, asegurando una larga vida \u00fatil. Material f\u00e1cil de limpiar, lo que contribuye a mantener la higiene. Sistema de recarga r\u00e1pido y eficiente: Sistema intuitivo que permite cambiar el rollo de papel en segundos, optimizando el tiempo del personal de limpieza. Reduce las interrupciones y asegura la disponibilidad constante de toallas de papel.\"><span class=\"Y2IQFc\" lang=\"en\">Dispensador de Papel Higi\u00e9nico con Porta Toallas de Papel Intercalado C\u00f3digo PA 100: La Soluci\u00f3n Definitiva para la Higiene y la Eficiencia en Entornos de Alto Tr\u00e1fico. Es la opci\u00f3n ideal para entornos con tr\u00e1fico peatonal medio a alto donde el ahorro de tiempo y la reducci\u00f3n de costos son importantes. Su alta capacidad reduce el tiempo de mantenimiento y garantiza la disponibilidad constante de papel. Ideal para ba\u00f1os en oficinas, cl\u00ednicas, hospitales, plantas industriales, espacios comerciales y lugares con alto tr\u00e1fico peatonal. Caracter\u00edsticas y Beneficios: Construcci\u00f3n Robusta: Los colores blanco y negro transparentes est\u00e1n inyectados con policarbonato premium (en los colores blanco y negro transparente), lo que garantiza una durabilidad y calidad extremas del producto, resistente a impactos y desgaste, asegurando una larga vida \u00fatil. Material f\u00e1cil de limpiar, lo que contribuye a mantener la higiene. Sistema de Recarga R\u00e1pido y Eficiente: Sistema intuitivo que permite cambiar el rollo de papel en segundos, optimizando el tiempo del personal de limpieza. Reduce las interrupciones y asegura la disponibilidad constante de toallas de papel.\r\n\r\n<\/span><\/pre>\n<p>Dise\u00f1o inteligente y funcional para m\u00e1xima higiene:<\/p>\n<p>Dise\u00f1o elegante que combina practicidad y sofisticaci\u00f3n. Su superficie y dise\u00f1o lisos minimizan la acumulaci\u00f3n de suciedad y bacterias.<\/p>\n<p>Disponible en 3 colores: blanco y negro liso, blanco transparente y negro transparente. El modelo transparente facilita la comprobaci\u00f3n de la necesidad de reponer papel.<\/p>\n<p>Se adapta a cualquier estilo de decoraci\u00f3n.<\/p>\n<p>Especificaciones t\u00e9cnicas:<\/p>\n<p>C\u00f3digo: PA100<\/p>\n<p>Peso neto: 0,663 kg<\/p>\n<p>N.\u00ba de cat\u00e1logo: 3922.90.00.<\/p>\n<p>Marca: American Scents .<\/p>\n<p>Material: Policarbonato en color blanco transparente y negro.<\/p>\n<p>Color: Blanco transparente, negro transparente o blanco y negro s\u00f3lidos.<\/p>\n<p>Formato: Cuadrado<\/p>\n<p>Dimensiones: An 24 x Al 29 x Pr 10,2 cm<\/p>\n<p>Capacidad: hasta 750 hojas<\/p>\n<p>\u2013 Garant\u00eda: 3 meses contra defectos de fabricaci\u00f3n.<\/p>\n<pre id=\"tw-target-text\" class=\"tw-data-text tw-text-large tw-ta\" dir=\"ltr\" data-placeholder=\"Tradu\u00e7\u00e3o\" data-ved=\"2ahUKEwjJ0a7-isSOAxXHGbkGHQ4yNXwQ3ewLegQIDRAV\" aria-label=\"Dispensador de papel higi\u00e9nico con porta toallas intercalado, c\u00f3digo PA 100: La soluci\u00f3n definitiva para la higiene y la eficiencia en entornos de alto tr\u00e1nsito. Es la opci\u00f3n ideal para entornos con tr\u00e1fico peatonal medio a alto, donde el ahorro de tiempo y la reducci\u00f3n de costos son importantes. Su alta capacidad reduce el tiempo de mantenimiento y garantiza la disponibilidad constante de papel. Ideal para ba\u00f1os en oficinas, cl\u00ednicas, hospitales, plantas industriales, espacios comerciales y lugares con alto tr\u00e1nsito peatonal. Caracter\u00edsticas y beneficios: Construcci\u00f3n robusta: Los colores blanco y negro transparentes est\u00e1n inyectados con policarbonato premium (en los colores blanco y negro transparente), lo que garantiza una durabilidad y calidad extremas del producto, resistente a impactos y desgaste, asegurando una larga vida \u00fatil. Material f\u00e1cil de limpiar, lo que contribuye a mantener la higiene. Sistema de recarga r\u00e1pido y eficiente: Sistema intuitivo que permite cambiar el rollo de papel en segundos, optimizando el tiempo del personal de limpieza. Reduce las interrupciones y asegura la disponibilidad constante de toallas de papel.\"><\/pre>","protected":false},"excerpt":{"rendered":"<p>Toilet Paper Dispenser Interleaved Paper Towel Holder Code PA 100: The Ultimate Solution for Hygiene and Efficiency in High-Traffic Environments.<\/p>","protected":false},"featured_media":9400,"comment_status":"open","ping_status":"closed","template":"","meta":[],"product_brand":[],"product_cat":[89],"product_tag":[],"class_list":{"0":"post-9399","1":"product","2":"type-product","3":"status-publish","4":"has-post-thumbnail","6":"product_cat-dispensers","8":"first","9":"instock","10":"taxable","11":"shipping-taxable","12":"purchasable","13":"product-type-simple"},"_links":{"self":[{"href":"https:\/\/americanscentshygiene.com\/es\/wp-json\/wp\/v2\/product\/9399","targetHints":{"allow":["GET"]}}],"collection":[{"href":"https:\/\/americanscentshygiene.com\/es\/wp-json\/wp\/v2\/product"}],"about":[{"href":"https:\/\/americanscentshygiene.com\/es\/wp-json\/wp\/v2\/types\/product"}],"replies":[{"embeddable":true,"href":"https:\/\/americanscentshygiene.com\/es\/wp-json\/wp\/v2\/comments?post=9399"}],"version-history":[{"count":3,"href":"https:\/\/americanscentshygiene.com\/es\/wp-json\/wp\/v2\/product\/9399\/revisions"}],"predecessor-version":[{"id":9404,"href":"https:\/\/americanscentshygiene.com\/es\/wp-json\/wp\/v2\/product\/9399\/revisions\/9404"}],"wp:featuredmedia":[{"embeddable":true,"href":"https:\/\/americanscentshygiene.com\/es\/wp-json\/wp\/v2\/media\/9400"}],"wp:attachment":[{"href":"https:\/\/americanscentshygiene.com\/es\/wp-json\/wp\/v2\/media?parent=9399"}],"wp:term":[{"taxonomy":"product_brand","embeddable":true,"href":"https:\/\/americanscentshygiene.com\/es\/wp-json\/wp\/v2\/product_brand?post=9399"},{"taxonomy":"product_cat","embeddable":true,"href":"https:\/\/americanscentshygiene.com\/es\/wp-json\/wp\/v2\/product_cat?post=9399"},{"taxonomy":"product_tag","embeddable":true,"href":"https:\/\/americanscentshygiene.com\/es\/wp-json\/wp\/v2\/product_tag?post=9399"}],"curies":[{"name":"gracias","href":"https:\/\/api.w.org\/{rel}","templated":true}]}}