{"id":8930,"date":"2023-04-07T09:48:59","date_gmt":"2023-04-07T13:48:59","guid":{"rendered":"https:\/\/americanscentshygiene.com\/?post_type=product&#038;p=8930"},"modified":"2023-04-10T09:36:55","modified_gmt":"2023-04-10T13:36:55","slug":"mouthwash-dispenser-machfloss-evolution-3x1-wire","status":"publish","type":"product","link":"https:\/\/americanscentshygiene.com\/es\/producto\/mouthwash-dispenser-machfloss-evolution-3x1-wire\/","title":{"rendered":"Dosificador de enjuague bucal Machfloss Evolution 3\u00d71 Wire"},"content":{"rendered":"<p>Dispensador de Hilo Dental, Enjuague Bucal y Vasos en un solo aparato \u2013 Modelo Est\u00e1ndar<\/p>\n<p>Presentaci\u00f3n<br \/>\nCon el objetivo de generar siempre bienestar a trav\u00e9s de una buena higiene bucal en cualquier lugar, MACHFLOSS ha desarrollado el sistema de higiene bucal m\u00e1s moderno del mundo, con hilo dental, enjuague bucal y vasos en un solo dosificador.<br \/>\nEl modelo 3X1 Standard funciona como un sistema de \u201cAutoservicio\u201d en el que el usuario retira el vaso, lo acopla al sitio de dosificaci\u00f3n y presiona el bot\u00f3n, retirando la dosis seg\u00fan su necesidad.<br \/>\nEl dispensador funciona sin necesidad de pilas.<br \/>\nLos vasos se alojan en el interior del equipo, que se cierra mediante un sistema de bloqueo, garantizando as\u00ed toda la seguridad de los productos que se encuentran en su interior.<br \/>\nLas recargas de enjuague bucal son exclusivas y desechables y cuentan con un sistema de sellado que garantiza una total higiene y hace imposible el desv\u00edo de las mismas, garantizando as\u00ed su total aprovechamiento dentro del sistema.<br \/>\nLos repuestos de hilo dental est\u00e1n protegidos en estuches, lo que garantiza una higiene total y la parte externa para uso del hilo dental est\u00e1 protegida por una pel\u00edcula protectora, cumpliendo con todos los requisitos en la parte de bioseguridad.<\/p>\n<p>El dispensador no viene con recambios.<\/p>\n<p>Contiene 1 unidad por caja.<\/p>\n<p>Dispensador Machfloss Evolution 3\u00d71: Enjuague, hilo dental y portavasos<\/p>\n<p>El Machfloss Evolution es un dispositivo compacto 3\u00d71, cuyas dimensiones lo hacen \u00fanico en el mundo.<br \/>\nSe trata de un dispensador de hilo dental, colutorio y vaso en una sola pieza y sin ning\u00fan mecanismo, lo que da como resultado un sistema de uso intuitivo.<\/p>\n<p>Los componentes de Machfloss Evolution est\u00e1n inyectados con ABS natural.<\/p>\n<p>Ventajas y beneficios:<\/p>\n<p>\u00b0 Compacto, \u00fanico en el mundo con estas dimensiones;<\/p>\n<p>\u00b0 Aparato 3\u00d71, con dispensador de hilo dental, enjuague bucal y vasos en el mismo aparato;<\/p>\n<p>\u00b0 No tiene ning\u00fan mecanismo;<\/p>\n<p>\u00b0 F\u00e1cil de instalar y mantener;<\/p>\n<p>\u00b0 Hilo dental protegido por una cubierta acr\u00edlica;<\/p>\n<p>\u00b0 Capacidad para 85 vasos de 50ml;<\/p>\n<p>*NO VIENE CON RECAMBIO DE ENJUAGUE DENTAL<br \/>\n*NO VIENE CON RECAMBIO DE ANTIS\u00c9PTICO BUCAL<\/p>","protected":false},"excerpt":{"rendered":"<p>Dispensador de Hilo Dental, Enjuague Bucal y Vasos en un solo dispositivo \u2013 Modelo Est\u00e1ndar Presentaci\u00f3n Con el objetivo de generar siempre<\/p>","protected":false},"featured_media":8931,"comment_status":"open","ping_status":"closed","template":"","meta":[],"product_brand":[],"product_cat":[28,89],"product_tag":[],"class_list":{"0":"post-8930","1":"product","2":"type-product","3":"status-publish","4":"has-post-thumbnail","6":"product_cat-bathroom-accessories","7":"product_cat-dispensers","9":"first","10":"instock","11":"taxable","12":"shipping-taxable","13":"purchasable","14":"product-type-simple"},"_links":{"self":[{"href":"https:\/\/americanscentshygiene.com\/es\/wp-json\/wp\/v2\/product\/8930","targetHints":{"allow":["GET"]}}],"collection":[{"href":"https:\/\/americanscentshygiene.com\/es\/wp-json\/wp\/v2\/product"}],"about":[{"href":"https:\/\/americanscentshygiene.com\/es\/wp-json\/wp\/v2\/types\/product"}],"replies":[{"embeddable":true,"href":"https:\/\/americanscentshygiene.com\/es\/wp-json\/wp\/v2\/comments?post=8930"}],"version-history":[{"count":1,"href":"https:\/\/americanscentshygiene.com\/es\/wp-json\/wp\/v2\/product\/8930\/revisions"}],"predecessor-version":[{"id":8933,"href":"https:\/\/americanscentshygiene.com\/es\/wp-json\/wp\/v2\/product\/8930\/revisions\/8933"}],"wp:featuredmedia":[{"embeddable":true,"href":"https:\/\/americanscentshygiene.com\/es\/wp-json\/wp\/v2\/media\/8931"}],"wp:attachment":[{"href":"https:\/\/americanscentshygiene.com\/es\/wp-json\/wp\/v2\/media?parent=8930"}],"wp:term":[{"taxonomy":"product_brand","embeddable":true,"href":"https:\/\/americanscentshygiene.com\/es\/wp-json\/wp\/v2\/product_brand?post=8930"},{"taxonomy":"product_cat","embeddable":true,"href":"https:\/\/americanscentshygiene.com\/es\/wp-json\/wp\/v2\/product_cat?post=8930"},{"taxonomy":"product_tag","embeddable":true,"href":"https:\/\/americanscentshygiene.com\/es\/wp-json\/wp\/v2\/product_tag?post=8930"}],"curies":[{"name":"gracias","href":"https:\/\/api.w.org\/{rel}","templated":true}]}}