{"id":8919,"date":"2023-04-07T09:41:48","date_gmt":"2023-04-07T13:41:48","guid":{"rendered":"https:\/\/americanscentshygiene.com\/?post_type=product&#038;p=8919"},"modified":"2025-06-17T09:13:27","modified_gmt":"2025-06-17T13:13:27","slug":"odor-neutralizer-for-urinals","status":"publish","type":"product","link":"https:\/\/americanscentshygiene.com\/es\/producto\/odor-neutralizer-for-urinals\/","title":{"rendered":"DISPENSADOR NEUTRALIZADOR DE OLORES OS 600 PARA URINARIO"},"content":{"rendered":"<pre class=\"tw-data-text tw-text-large tw-ta\" dir=\"ltr\" data-placeholder=\"Tradu\u00e7\u00e3o\" data-ved=\"2ahUKEwiNo76eufiNAxUIppUCHT6HIZUQ3ewLegQICRAV\" aria-label=\"Dispensador de neutralizador de olores para mingitorios. \u00a1La soluci\u00f3n inteligente para mingitorios siempre perfumados y desinfectados! \u00bfCansado de los olores desagradables en ba\u00f1os concurridos? \u00bfCansado de mamparas y piedras que no funcionan? Presentamos el mejor y m\u00e1s efectivo sistema para odorizar y perfumar mingitorios, la opci\u00f3n ideal para restaurantes, hoteles, hospitales y oficinas, industrias que valoran un ambiente impecable. Este innovador sistema complementa la acci\u00f3n de los neutralizadores y nebulizadores Bobson, garantizando una doble protecci\u00f3n contra los malos olores. Su f\u00f3rmula biodegradable no solo perfuma, sino que tambi\u00e9n desinfecta, promoviendo la higiene de su ba\u00f1o.\"><span class=\"Y2IQFc\" lang=\"en\">DISPENSADOR DE NEUTRALIZADOR DE OLORES PARA URINARIOS. \u00a1La soluci\u00f3n inteligente para urinarios siempre perfumados y desinfectados! \u00bfCansado de los olores desagradables en ba\u00f1os concurridos? \u00bfCansado de mamparas y piedras que no funcionan? Presentamos el sistema m\u00e1s eficaz para odorizar y perfumar urinarios, la opci\u00f3n ideal para restaurantes, hoteles, hospitales y oficinas, sectores que valoran un ambiente impecable. Este innovador sistema complementa la acci\u00f3n de los neutralizadores y nebulizadores American Scents &amp; Hygiene, garantizando una doble protecci\u00f3n contra los malos olores. Su f\u00f3rmula biodegradable no solo perfuma, sino que tambi\u00e9n desinfecta, promoviendo la higiene de su ba\u00f1o.\r\n\r\n<\/span><\/pre>\n<pre id=\"tw-target-text\" class=\"tw-data-text tw-text-large tw-ta\" dir=\"ltr\" data-placeholder=\"Tradu\u00e7\u00e3o\" data-ved=\"2ahUKEwiNo76eufiNAxUIppUCHT6HIZUQ3ewLegQICRAV\" aria-label=\"\u00a1Olv\u00eddate de las preocupaciones por las pilas y la electricidad! Nuestro sistema es completamente mec\u00e1nico y no requiere ninguna fuente de alimentaci\u00f3n externa, eliminando costes y mantenimiento innecesarios. Caracter\u00edsticas que marcan la diferencia: Dispensador de ABS blanco con tapa: Dise\u00f1o elegante y discreto que se adapta a cualquier entorno. Franja decorativa en diferentes colores: Personaliza el aspecto de tu ba\u00f1o con opciones vibrantes. Dep\u00f3sito rellenable de 720 ml: Mayor autonom\u00eda y menos recargas. Tubo de acero inoxidable con sistema antirretorno: Garantiza la durabilidad y evita fugas. Apto para urinarios o inodoros con accionamiento hidr\u00e1ulico: Versatilidad para diferentes instalaciones. No requiere pilas: Funcionamiento continuo y sin preocupaciones por el cambio de pilas. Para un ambiente fresco y sin olores, utiliza el recambio desodorizante OS 100, perfectamente compatible con este sistema. Invierte en la imagen de tu establecimiento y ofrece una experiencia m\u00e1s agradable a tus clientes y empleados. \u00a1Elige la soluci\u00f3n inteligente para la aromatizaci\u00f3n de urinarios e inodoros! ART\u00cdCULOS INCLUIDOS 1 - Dispensador de urinario OS 600 (recarga de manzana verde OS 100 se vende por separado)\"><span class=\"Y2IQFc\" lang=\"en\">\u00a1Olv\u00eddate de las preocupaciones por las pilas y la electricidad! Nuestro sistema es completamente mec\u00e1nico y no requiere fuente de alimentaci\u00f3n externa, eliminando costes y mantenimiento innecesarios. Caracter\u00edsticas que marcan la diferencia: Dispensador de ABS blanco con tapa: Dise\u00f1o elegante y discreto que se adapta a cualquier entorno. Franja decorativa en diferentes colores: Personaliza el aspecto de tu ba\u00f1o con opciones vibrantes. Dep\u00f3sito rellenable de 720 ml: Mayor autonom\u00eda y menos recargas. Tubo de acero inoxidable con sistema antirretorno: Garantiza la durabilidad y evita fugas. Apto para urinarios o inodoros con accionamiento hidr\u00e1ulico: Versatilidad para diferentes instalaciones. No necesita pilas: Funcionamiento continuo y sin preocupaciones por cambiar las pilas. Para un ambiente fresco y sin olores, utiliza el recambio desodorizante OS 100, perfectamente compatible con este sistema. Invierte en la imagen de tu establecimiento y ofrece una experiencia m\u00e1s agradable a tus clientes y empleados. \u00a1Elige la soluci\u00f3n inteligente para la aromatizaci\u00f3n de urinarios e inodoros! ART\u00cdCULOS INCLUIDOS 1 - Dispensador de urinario OS 600 (recarga de manzana verde OS 100 se vende por separado)<\/span><\/pre>\n<pre id=\"tw-target-text\" class=\"tw-data-text tw-text-large tw-ta\" dir=\"ltr\" data-placeholder=\"Tradu\u00e7\u00e3o\" data-ved=\"2ahUKEwiNo76eufiNAxUIppUCHT6HIZUQ3ewLegQICRAV\" aria-label=\"\u00a1Olv\u00eddate de las preocupaciones por las pilas y la electricidad! Nuestro sistema es totalmente mec\u00e1nico y no requiere ninguna fuente de alimentaci\u00f3n externa, eliminando costes y mantenimiento innecesarios. Caracter\u00edsticas que marcan la diferencia: Dispensador de ABS blanco con tapa: Dise\u00f1o elegante y discreto que se adapta a cualquier entorno. Franja decorativa en diferentes colores: Personaliza el aspecto de tu ba\u00f1o con opciones vibrantes. Dep\u00f3sito rellenable de 720 ml: Mayor autonom\u00eda y menos recargas. Tubo de acero inoxidable con sistema antirretorno: Garantiza la durabilidad y evita fugas. Apto para urinarios o inodoros con accionamiento hidr\u00e1ulico: Versatilidad para diferentes instalaciones. Sin pilas: Funcionamiento continuo y sin preocupaciones por cambiar las pilas. Para un ambiente siempre fresco y sin olores, utiliza el recambio desodorizante OS 100, perfectamente compatible con este sistema. Invierte en la imagen de tu establecimiento y ofrece una experiencia m\u00e1s agradable a tus clientes y empleados. \u00a1Elige la soluci\u00f3n inteligente para la aromatizaci\u00f3n de urinarios e inodoros! ART\u00cdCULOS INCLUIDOS 1 - Dispensador OS 600 para urinario (recambio OS 100 verde manzana se vende por separado)\"><span class=\"Y2IQFc\" lang=\"en\">\u00a0<\/span><\/pre>","protected":false},"excerpt":{"rendered":"<p>ODOR NEUTRALIZER DISPENSER FOR URINALS The Smart Solution for Always Scented and Sanitized Urinals! Tired of unpleasant odors in high-traffic<\/p>","protected":false},"featured_media":9357,"comment_status":"open","ping_status":"closed","template":"","meta":[],"product_brand":[],"product_cat":[42,74,72],"product_tag":[],"class_list":{"0":"post-8919","1":"product","2":"type-product","3":"status-publish","4":"has-post-thumbnail","6":"product_cat-bobson-odor-blocker","7":"product_cat-odorizers","8":"product_cat-urinals","10":"first","11":"instock","12":"taxable","13":"shipping-taxable","14":"purchasable","15":"product-type-simple"},"_links":{"self":[{"href":"https:\/\/americanscentshygiene.com\/es\/wp-json\/wp\/v2\/product\/8919","targetHints":{"allow":["GET"]}}],"collection":[{"href":"https:\/\/americanscentshygiene.com\/es\/wp-json\/wp\/v2\/product"}],"about":[{"href":"https:\/\/americanscentshygiene.com\/es\/wp-json\/wp\/v2\/types\/product"}],"replies":[{"embeddable":true,"href":"https:\/\/americanscentshygiene.com\/es\/wp-json\/wp\/v2\/comments?post=8919"}],"version-history":[{"count":4,"href":"https:\/\/americanscentshygiene.com\/es\/wp-json\/wp\/v2\/product\/8919\/revisions"}],"predecessor-version":[{"id":9359,"href":"https:\/\/americanscentshygiene.com\/es\/wp-json\/wp\/v2\/product\/8919\/revisions\/9359"}],"wp:featuredmedia":[{"embeddable":true,"href":"https:\/\/americanscentshygiene.com\/es\/wp-json\/wp\/v2\/media\/9357"}],"wp:attachment":[{"href":"https:\/\/americanscentshygiene.com\/es\/wp-json\/wp\/v2\/media?parent=8919"}],"wp:term":[{"taxonomy":"product_brand","embeddable":true,"href":"https:\/\/americanscentshygiene.com\/es\/wp-json\/wp\/v2\/product_brand?post=8919"},{"taxonomy":"product_cat","embeddable":true,"href":"https:\/\/americanscentshygiene.com\/es\/wp-json\/wp\/v2\/product_cat?post=8919"},{"taxonomy":"product_tag","embeddable":true,"href":"https:\/\/americanscentshygiene.com\/es\/wp-json\/wp\/v2\/product_tag?post=8919"}],"curies":[{"name":"gracias","href":"https:\/\/api.w.org\/{rel}","templated":true}]}}