{"id":8898,"date":"2023-04-07T09:03:34","date_gmt":"2023-04-07T13:03:34","guid":{"rendered":"https:\/\/americanscentshygiene.com\/?post_type=product&#038;p=8898"},"modified":"2023-04-07T09:03:35","modified_gmt":"2023-04-07T13:03:35","slug":"classic-solution-professional-rug-240x150cm","status":"publish","type":"product","link":"https:\/\/americanscentshygiene.com\/es\/producto\/classic-solution-professional-rug-240x150cm\/","title":{"rendered":"Alfombra profesional Classic Solution 240x150cm"},"content":{"rendered":"<p>Las alfombras profesionales Bobson son hoy en d\u00eda la barrera de contenci\u00f3n de s\u00f3lidos y l\u00edquidos para pisos m\u00e1s eficiente disponible en el mercado. Producidos en nailon y te\u00f1idos por el sistema Solution Dyed, no pierden el color con el tiempo ni despu\u00e9s del lavado.<\/p>\n<p>Sus fibras retorcidas y termoestables ocultan la suciedad y absorben la humedad, evitando que el suelo se vuelva resbaladizo y peligroso. Disponible en color grafito, tiene una base de goma de nitrilo antideslizante.<\/p>","protected":false},"excerpt":{"rendered":"<p>Las alfombras profesionales Bobson son hoy la barrera m\u00e1s eficiente para contener s\u00f3lidos y l\u00edquidos para pisos, disponible en el mercado.<\/p>","protected":false},"featured_media":8899,"comment_status":"open","ping_status":"closed","template":"","meta":[],"product_brand":[],"product_cat":[81],"product_tag":[],"class_list":{"0":"post-8898","1":"product","2":"type-product","3":"status-publish","4":"has-post-thumbnail","6":"product_cat-carpets","8":"first","9":"instock","10":"taxable","11":"shipping-taxable","12":"purchasable","13":"product-type-simple"},"_links":{"self":[{"href":"https:\/\/americanscentshygiene.com\/es\/wp-json\/wp\/v2\/product\/8898","targetHints":{"allow":["GET"]}}],"collection":[{"href":"https:\/\/americanscentshygiene.com\/es\/wp-json\/wp\/v2\/product"}],"about":[{"href":"https:\/\/americanscentshygiene.com\/es\/wp-json\/wp\/v2\/types\/product"}],"replies":[{"embeddable":true,"href":"https:\/\/americanscentshygiene.com\/es\/wp-json\/wp\/v2\/comments?post=8898"}],"version-history":[{"count":1,"href":"https:\/\/americanscentshygiene.com\/es\/wp-json\/wp\/v2\/product\/8898\/revisions"}],"predecessor-version":[{"id":8900,"href":"https:\/\/americanscentshygiene.com\/es\/wp-json\/wp\/v2\/product\/8898\/revisions\/8900"}],"wp:featuredmedia":[{"embeddable":true,"href":"https:\/\/americanscentshygiene.com\/es\/wp-json\/wp\/v2\/media\/8899"}],"wp:attachment":[{"href":"https:\/\/americanscentshygiene.com\/es\/wp-json\/wp\/v2\/media?parent=8898"}],"wp:term":[{"taxonomy":"product_brand","embeddable":true,"href":"https:\/\/americanscentshygiene.com\/es\/wp-json\/wp\/v2\/product_brand?post=8898"},{"taxonomy":"product_cat","embeddable":true,"href":"https:\/\/americanscentshygiene.com\/es\/wp-json\/wp\/v2\/product_cat?post=8898"},{"taxonomy":"product_tag","embeddable":true,"href":"https:\/\/americanscentshygiene.com\/es\/wp-json\/wp\/v2\/product_tag?post=8898"}],"curies":[{"name":"gracias","href":"https:\/\/api.w.org\/{rel}","templated":true}]}}