{"id":8891,"date":"2023-04-07T08:59:13","date_gmt":"2023-04-07T12:59:13","guid":{"rendered":"https:\/\/americanscentshygiene.com\/?post_type=product&#038;p=8891"},"modified":"2025-06-17T14:53:21","modified_gmt":"2025-06-17T18:53:21","slug":"anti-insect-and-odor-blindfold-drain","status":"publish","type":"product","link":"https:\/\/americanscentshygiene.com\/es\/producto\/anti-insect-and-odor-blindfold-drain\/","title":{"rendered":"Anti Insectos Y El Olor De La Venda De Los Ojos De Drenaje"},"content":{"rendered":"<p>Drenaje Antiolores y Antiinsectos<\/p>\n<p>Fabricado fuera de Brasil, por nuestra empresa, este sumidero es ideal para evitar la entrada de OLORES (gases) desagradables en sus ba\u00f1os, as\u00ed como insectos (cucarachas, escorpiones, etc., etc.)<\/p>\n<p>Puede y debe ser utilizado en cocinas, hospitales, centros comerciales, industrias, quir\u00f3fanos, laboratorios, ba\u00f1os donde la necesidad de higiene es fundamental<\/p>\n<p>\u2013 Placa de acero inoxidable ultra resistente de 2,5 mm de espesor.<\/p>\n<p>\u2013 Doble protecci\u00f3n contra insectos y ratones.<\/p>\n<p>\u2013 V\u00e1lvula de silicona reemplazable, para sellar los retornos de gas de la tuber\u00eda (1\u00aa protecci\u00f3n).<\/p>\n<p>\u2013 Pantalla met\u00e1lica extra\u00edble (2\u00aa Protecci\u00f3n)<\/p>\n<p>\u2013 Rejilla extra\u00edble en acero inoxidable de alta resistencia (2,5 mm de espesor).<\/p>\n<p>\u2013 Medida de 150 mil\u00edmetros por 150 mil\u00edmetros, est\u00e1ndar brasile\u00f1o.<\/p>\n<p>\u2013 Colocaci\u00f3n normal, con lechada.<\/p>\n<p>\u2013 Elimina la necesidad de caja sifonada.<\/p>\n<p>\u2013 Producto patentado, importado de Inglaterra.<\/p>\n<p>Operaci\u00f3n:<\/p>\n<p>Una vez instalado en el suelo, el producto permite el paso de l\u00edquidos a trav\u00e9s de la v\u00e1lvula de silicona. Debido a la humedad residual, la v\u00e1lvula de silicona se cierra, sellando el paso de gases, incluso. En el caso de una nueva carga de l\u00edquidos, por peso y gravedad, la v\u00e1lvula se abre permitiendo su paso y luego se vuelve a sellar.<\/p>\n<p>Una resistente malla met\u00e1lica removible impide el paso de s\u00f3lidos, ayudando a prevenir la obstrucci\u00f3n de tuber\u00edas y el regreso de insectos de cualquier tama\u00f1o.<\/p>\n<p>Por \u00faltimo, una rejilla de acero inoxidable de perfecto encaje, del mismo grosor que la placa, completa el conjunto.<\/p>\n<p>Ideal para lugares con alto tr\u00e1nsito de personas, lugares con antecedentes de retorno de gases (mal olor), lugares conectados a trampas de grasa (cocinas) y redes con conexiones externas que permitan el acceso a insectos y roedores.<\/p>","protected":false},"excerpt":{"rendered":"<p>Drenaje Antiolor y Antiinsectos Fabricado fuera de Brasil, por nuestra empresa, este drenaje es ideal para evitar OLORES DESAGRADABLES (gases) provenientes<\/p>","protected":false},"featured_media":9375,"comment_status":"open","ping_status":"closed","template":"","meta":[],"product_brand":[],"product_cat":[28],"product_tag":[],"class_list":{"0":"post-8891","1":"product","2":"type-product","3":"status-publish","4":"has-post-thumbnail","6":"product_cat-bathroom-accessories","8":"first","9":"instock","10":"taxable","11":"shipping-taxable","12":"purchasable","13":"product-type-simple"},"_links":{"self":[{"href":"https:\/\/americanscentshygiene.com\/es\/wp-json\/wp\/v2\/product\/8891","targetHints":{"allow":["GET"]}}],"collection":[{"href":"https:\/\/americanscentshygiene.com\/es\/wp-json\/wp\/v2\/product"}],"about":[{"href":"https:\/\/americanscentshygiene.com\/es\/wp-json\/wp\/v2\/types\/product"}],"replies":[{"embeddable":true,"href":"https:\/\/americanscentshygiene.com\/es\/wp-json\/wp\/v2\/comments?post=8891"}],"version-history":[{"count":3,"href":"https:\/\/americanscentshygiene.com\/es\/wp-json\/wp\/v2\/product\/8891\/revisions"}],"predecessor-version":[{"id":9376,"href":"https:\/\/americanscentshygiene.com\/es\/wp-json\/wp\/v2\/product\/8891\/revisions\/9376"}],"wp:featuredmedia":[{"embeddable":true,"href":"https:\/\/americanscentshygiene.com\/es\/wp-json\/wp\/v2\/media\/9375"}],"wp:attachment":[{"href":"https:\/\/americanscentshygiene.com\/es\/wp-json\/wp\/v2\/media?parent=8891"}],"wp:term":[{"taxonomy":"product_brand","embeddable":true,"href":"https:\/\/americanscentshygiene.com\/es\/wp-json\/wp\/v2\/product_brand?post=8891"},{"taxonomy":"product_cat","embeddable":true,"href":"https:\/\/americanscentshygiene.com\/es\/wp-json\/wp\/v2\/product_cat?post=8891"},{"taxonomy":"product_tag","embeddable":true,"href":"https:\/\/americanscentshygiene.com\/es\/wp-json\/wp\/v2\/product_tag?post=8891"}],"curies":[{"name":"gracias","href":"https:\/\/api.w.org\/{rel}","templated":true}]}}