{"id":8862,"date":"2023-04-07T07:43:48","date_gmt":"2023-04-07T11:43:48","guid":{"rendered":"https:\/\/americanscentshygiene.com\/?post_type=product&#038;p=8862"},"modified":"2025-12-09T15:34:36","modified_gmt":"2025-12-09T20:34:36","slug":"waterless-urinal-bobson-ecological","status":"publish","type":"product","link":"https:\/\/americanscentshygiene.com\/es\/producto\/waterless-urinal-bobson-ecological\/","title":{"rendered":"Urinario sin agua \u2013 (ecol\u00f3gico)"},"content":{"rendered":"<p>\u201cEl modelo AMERICAN SCENTS &amp; HYGIENE es el est\u00e1ndar americano que evita que la orina se derrame al suelo. El dise\u00f1o hecho para funcionar mejor.<\/p>\n<p>Urinario Sin Agua \u2013 (Ecol\u00f3gico), Inodoro y Anti Vandalismo<\/p>\n<p>* Lavavajillas incluido + sif\u00f3n producto completo<\/p>\n<p>Dimensiones del Urinario Compacto Waterless: 600 x 370 x 300 mm<\/p>\n<p>Peso: 20 kg<\/p>\n<p>La recarga m\u00e1s econ\u00f3mica y duradera del mercado<\/p>\n<p>\u00a1El precio m\u00e1s bajo del mercado! El Mingitorio Bobson Waterless (ecol\u00f3gico) es la respuesta a la necesidad del planeta de conservar el agua. Su funcionamiento, completamente sin el uso de agua, inhibe el crecimiento de bacterias y la aparici\u00f3n de malos olores. La barrera mec\u00e1nica que impide el retorno de los gases.<br \/>\nLa tecnolog\u00eda de urinarios sin agua se usa ampliamente en los Estados Unidos y Europa, donde la conciencia ecol\u00f3gica est\u00e1 m\u00e1s desarrollada.<br \/>\nCada descarga de urinario desperdicia 3 litros de agua. Un hombre va al ba\u00f1o 6 veces al d\u00eda, de las cuales 3 veces son en urinarios, seg\u00fan estudios de mercado. Conclusi\u00f3n un hombre desperdicia 9 litros de agua al d\u00eda. Cuatro veces m\u00e1s agua de la que el organismo necesita para sobrevivir al d\u00eda.<br \/>\nEl urinario sin agua es m\u00e1s higi\u00e9nico precisamente porque no utiliza agua. El usuario no necesita presionar la descarga, es decir, no hay efecto \u201csalpicadura\u201d con las salpicaduras, lo que la hace m\u00e1s higi\u00e9nica y pr\u00e1ctica.<br \/>\n\u00bfVamos a ayudar? Haga su parte e instale solo un urinario sin agua.<\/p>\n<p>Aparte del medio ambiente, \u00bfvale la pena econ\u00f3micamente? \u00a1S\u00ed, lo es! Podemos demostrar el retorno de la inversi\u00f3n (payback).<br \/>\nLo que tienes que tener en cuenta:<br \/>\n\u2013 Costo del agua<br \/>\n\u2013 Costo de alcantarillado (generalmente el doble del costo del agua)<br \/>\n\u2013 Costo de mantenimiento de v\u00e1lvulas (mano de obra y material)<br \/>\n\u2013 Coste de taponamiento (mano de obra y material). Cuando un urinario est\u00e1ndar se obstruye, debe sacar todo el urinario y reemplazarlo, \u00bfcorrecto? No es el urinario sin agua, si se atasca lo puedes desatascar sin desmontarlo de la pared en tan solo un minuto y listo.<br \/>\nIncluso puede hacer mantenimiento preventivo.<br \/>\nPara obra nueva amortizaci\u00f3n de 6 meses. Es decir, los urinarios sin agua tambi\u00e9n son un buen negocio en t\u00e9rminos econ\u00f3micos. \u00bfCuentas no cerradas? Cont\u00e1ctanos y podemos rehacerlos juntos.<\/p>","protected":false},"excerpt":{"rendered":"<p>El modelo AMERICAN SCENTS &amp; HYGIENE es el est\u00e1ndar estadounidense para evitar que la orina se derrame en el suelo. El dise\u00f1o...<\/p>","protected":false},"featured_media":9434,"comment_status":"open","ping_status":"closed","template":"","meta":[],"product_brand":[],"product_cat":[72],"product_tag":[],"class_list":{"0":"post-8862","1":"product","2":"type-product","3":"status-publish","4":"has-post-thumbnail","6":"product_cat-urinals","8":"first","9":"instock","10":"taxable","11":"shipping-taxable","12":"purchasable","13":"product-type-simple"},"_links":{"self":[{"href":"https:\/\/americanscentshygiene.com\/es\/wp-json\/wp\/v2\/product\/8862","targetHints":{"allow":["GET"]}}],"collection":[{"href":"https:\/\/americanscentshygiene.com\/es\/wp-json\/wp\/v2\/product"}],"about":[{"href":"https:\/\/americanscentshygiene.com\/es\/wp-json\/wp\/v2\/types\/product"}],"replies":[{"embeddable":true,"href":"https:\/\/americanscentshygiene.com\/es\/wp-json\/wp\/v2\/comments?post=8862"}],"version-history":[{"count":6,"href":"https:\/\/americanscentshygiene.com\/es\/wp-json\/wp\/v2\/product\/8862\/revisions"}],"predecessor-version":[{"id":9328,"href":"https:\/\/americanscentshygiene.com\/es\/wp-json\/wp\/v2\/product\/8862\/revisions\/9328"}],"wp:featuredmedia":[{"embeddable":true,"href":"https:\/\/americanscentshygiene.com\/es\/wp-json\/wp\/v2\/media\/9434"}],"wp:attachment":[{"href":"https:\/\/americanscentshygiene.com\/es\/wp-json\/wp\/v2\/media?parent=8862"}],"wp:term":[{"taxonomy":"product_brand","embeddable":true,"href":"https:\/\/americanscentshygiene.com\/es\/wp-json\/wp\/v2\/product_brand?post=8862"},{"taxonomy":"product_cat","embeddable":true,"href":"https:\/\/americanscentshygiene.com\/es\/wp-json\/wp\/v2\/product_cat?post=8862"},{"taxonomy":"product_tag","embeddable":true,"href":"https:\/\/americanscentshygiene.com\/es\/wp-json\/wp\/v2\/product_tag?post=8862"}],"curies":[{"name":"gracias","href":"https:\/\/api.w.org\/{rel}","templated":true}]}}