{"id":8852,"date":"2023-04-07T07:19:00","date_gmt":"2023-04-07T11:19:00","guid":{"rendered":"https:\/\/americanscentshygiene.com\/?post_type=product&#038;p=8852"},"modified":"2023-12-13T06:14:38","modified_gmt":"2023-12-13T11:14:38","slug":"bobson-odor-blocker","status":"publish","type":"product","link":"https:\/\/americanscentshygiene.com\/es\/producto\/bobson-odor-blocker\/","title":{"rendered":"Olor A Bloqueador"},"content":{"rendered":"<p>\u00a1Parece magia, pero no lo es! Puedes salir del ba\u00f1o y dejar que huela mejor de lo que lo encontraste. Ya sea la frescura de los c\u00edtricos o la dulzura de la verbena. He aqu\u00ed c\u00f3mo hacer que la magia suceda.<\/p>\n<p>PRO ODOR BLOCKER es el bloqueador de olores de acci\u00f3n directa sobre la taza del inodoro dise\u00f1ado para tu negocio.<\/p>\n<p>De forma pr\u00e1ctica y econ\u00f3mica, ODOR BLOCKER transforma y perfuma la experiencia de ir al ba\u00f1o en tu empresa, promoviendo el bienestar de tus clientes y empleados con poderosas mol\u00e9culas de control de olores (MOC). Adem\u00e1s, el dispensador se instala f\u00e1cilmente junto al inodoro y los recambios de 500 ml son sencillos de cambiar. Antes de realizar el n\u00ba 2, basta con pulsar dos veces el dosificador y la fragancia exclusiva con acci\u00f3n microbiost\u00e1tica contra bacterias gram positivas, gram negativas y hongos se liberar\u00e1 directamente en la taza del inodoro, bloqueando el mal olor. Es decir, se puede hacer, nadie lo sabr\u00e1 (ni siquiera en la oficina).<\/p>\n<p>500 ml de producto, el envase m\u00e1s grande del mercado<\/p>","protected":false},"excerpt":{"rendered":"<p>Parece magia, \u00a1pero no lo es! Puedes salir del ba\u00f1o y dejarlo oliendo mejor que...<\/p>","protected":false},"featured_media":8883,"comment_status":"open","ping_status":"closed","template":"","meta":[],"product_brand":[],"product_cat":[42],"product_tag":[],"class_list":{"0":"post-8852","1":"product","2":"type-product","3":"status-publish","4":"has-post-thumbnail","6":"product_cat-bobson-odor-blocker","8":"first","9":"instock","10":"taxable","11":"shipping-taxable","12":"purchasable","13":"product-type-simple"},"_links":{"self":[{"href":"https:\/\/americanscentshygiene.com\/es\/wp-json\/wp\/v2\/product\/8852","targetHints":{"allow":["GET"]}}],"collection":[{"href":"https:\/\/americanscentshygiene.com\/es\/wp-json\/wp\/v2\/product"}],"about":[{"href":"https:\/\/americanscentshygiene.com\/es\/wp-json\/wp\/v2\/types\/product"}],"replies":[{"embeddable":true,"href":"https:\/\/americanscentshygiene.com\/es\/wp-json\/wp\/v2\/comments?post=8852"}],"version-history":[{"count":3,"href":"https:\/\/americanscentshygiene.com\/es\/wp-json\/wp\/v2\/product\/8852\/revisions"}],"predecessor-version":[{"id":9324,"href":"https:\/\/americanscentshygiene.com\/es\/wp-json\/wp\/v2\/product\/8852\/revisions\/9324"}],"wp:featuredmedia":[{"embeddable":true,"href":"https:\/\/americanscentshygiene.com\/es\/wp-json\/wp\/v2\/media\/8883"}],"wp:attachment":[{"href":"https:\/\/americanscentshygiene.com\/es\/wp-json\/wp\/v2\/media?parent=8852"}],"wp:term":[{"taxonomy":"product_brand","embeddable":true,"href":"https:\/\/americanscentshygiene.com\/es\/wp-json\/wp\/v2\/product_brand?post=8852"},{"taxonomy":"product_cat","embeddable":true,"href":"https:\/\/americanscentshygiene.com\/es\/wp-json\/wp\/v2\/product_cat?post=8852"},{"taxonomy":"product_tag","embeddable":true,"href":"https:\/\/americanscentshygiene.com\/es\/wp-json\/wp\/v2\/product_tag?post=8852"}],"curies":[{"name":"gracias","href":"https:\/\/api.w.org\/{rel}","templated":true}]}}