{"id":8840,"date":"2023-04-07T07:01:14","date_gmt":"2023-04-07T11:01:14","guid":{"rendered":"https:\/\/americanscentshygiene.com\/?post_type=product&#038;p=8840"},"modified":"2023-12-13T05:58:37","modified_gmt":"2023-12-13T10:58:37","slug":"deca-save-bobson-mictor-deodorizer-refill-sd01-sd0501","status":"publish","type":"product","link":"https:\/\/americanscentshygiene.com\/es\/producto\/deca-save-bobson-mictor-deodorizer-refill-sd01-sd0501\/","title":{"rendered":"Recambio Desodorante Deca Save Mictor Sd01 \u2013 Sd0501"},"content":{"rendered":"<p>Recarga urinario sin agua SAVE DECA Sd0501. Es la soluci\u00f3n econ\u00f3mica y ecol\u00f3gica para su establecimiento. Es m\u00e1s f\u00e1cil y r\u00e1pido de instalar, con \u00e9l no es necesario agregar agua. El usuario no necesita presionar la descarga, es decir, es m\u00e1s higi\u00e9nico y pr\u00e1ctico. Este es el por qu\u00e9:<\/p>\n<p>\u2022 Posee un sistema de sellado de membrana interna.<br \/>\n\u2022 Ambiente higi\u00e9nico: menor proliferaci\u00f3n de bacterias.<br \/>\n\u2022 No deja olores: membrana selladora que evita que vuelvan los malos olores.<br \/>\n\u2022 Alta durabilidad: cartucho que dura hasta 15.000 ciclos.<br \/>\n\u2022 F\u00e1cil limpieza: el urinario debe rociarse una vez al d\u00eda con una soluci\u00f3n de agua y un detergente de PH neutro y limpiarse con un pa\u00f1o suave.<\/p>\n<p>Tecnolog\u00eda que marca la diferencia<\/p>\n<p>Compatible con URINARIO SIN AGUA DECA<\/p>","protected":false},"excerpt":{"rendered":"<p>Recarga de urinario sin agua SAVE DECA Sd0501. Es la soluci\u00f3n econ\u00f3mica y ecol\u00f3gica para su establecimiento. Es m\u00e1s f\u00e1cil y...<\/p>","protected":false},"featured_media":8886,"comment_status":"open","ping_status":"closed","template":"","meta":[],"product_brand":[],"product_cat":[72],"product_tag":[],"class_list":{"0":"post-8840","1":"product","2":"type-product","3":"status-publish","4":"has-post-thumbnail","6":"product_cat-urinals","8":"first","9":"instock","10":"taxable","11":"shipping-taxable","12":"purchasable","13":"product-type-simple"},"_links":{"self":[{"href":"https:\/\/americanscentshygiene.com\/es\/wp-json\/wp\/v2\/product\/8840","targetHints":{"allow":["GET"]}}],"collection":[{"href":"https:\/\/americanscentshygiene.com\/es\/wp-json\/wp\/v2\/product"}],"about":[{"href":"https:\/\/americanscentshygiene.com\/es\/wp-json\/wp\/v2\/types\/product"}],"replies":[{"embeddable":true,"href":"https:\/\/americanscentshygiene.com\/es\/wp-json\/wp\/v2\/comments?post=8840"}],"version-history":[{"count":2,"href":"https:\/\/americanscentshygiene.com\/es\/wp-json\/wp\/v2\/product\/8840\/revisions"}],"predecessor-version":[{"id":9322,"href":"https:\/\/americanscentshygiene.com\/es\/wp-json\/wp\/v2\/product\/8840\/revisions\/9322"}],"wp:featuredmedia":[{"embeddable":true,"href":"https:\/\/americanscentshygiene.com\/es\/wp-json\/wp\/v2\/media\/8886"}],"wp:attachment":[{"href":"https:\/\/americanscentshygiene.com\/es\/wp-json\/wp\/v2\/media?parent=8840"}],"wp:term":[{"taxonomy":"product_brand","embeddable":true,"href":"https:\/\/americanscentshygiene.com\/es\/wp-json\/wp\/v2\/product_brand?post=8840"},{"taxonomy":"product_cat","embeddable":true,"href":"https:\/\/americanscentshygiene.com\/es\/wp-json\/wp\/v2\/product_cat?post=8840"},{"taxonomy":"product_tag","embeddable":true,"href":"https:\/\/americanscentshygiene.com\/es\/wp-json\/wp\/v2\/product_tag?post=8840"}],"curies":[{"name":"gracias","href":"https:\/\/api.w.org\/{rel}","templated":true}]}}