{"id":8823,"date":"2023-04-06T09:30:31","date_gmt":"2023-04-06T13:30:31","guid":{"rendered":"https:\/\/americanscentshygiene.com\/?post_type=product&#038;p=8823"},"modified":"2023-12-13T05:36:58","modified_gmt":"2023-12-13T10:36:58","slug":"bobson-aro-800-nebulizer","status":"publish","type":"product","link":"https:\/\/americanscentshygiene.com\/es\/producto\/bobson-aro-800-nebulizer\/","title":{"rendered":"Nebulizador Aro 800"},"content":{"rendered":"<p>M\u00c1QUINA AUTOM\u00c1TICA PROFESIONAL DE SABORES \u2013 STOCK DISPONIBLE, ENTREGA LISTA<\/p>\n<p>Sobre la m\u00e1quina: \u00a1La M\u00e1quina Autom\u00e1tica Profesional, para aromatizaci\u00f3n y marketing olfativo, es el equipo ideal para sus ambientes!<\/p>\n<p><span style=\"vertical-align: inherit\"><span style=\"vertical-align: inherit\">Beneficios: Con este ambiente pr\u00e1ctico, podr\u00e1s aromatizar tu ambiente de forma muy f\u00e1cil y tecnol\u00f3gica. <\/span><span style=\"vertical-align: inherit\">\u00c9 ideal para lojas, banheiros p\u00fablicos, hospitais, restaurantes, hot\u00e9is, academias, cl\u00ednicas, escritorios, salas de estar y muchos otros ambientes.<\/span><\/span><\/p>\n<p><span style=\"vertical-align: inherit\"><span style=\"vertical-align: inherit\">Sobre la tecnolog\u00eda: Este aparato nebuliza a esencia, criando una nueva fragancia de aroma dentro del ambiente, fazendo com que a aromatiza\u00e7\u00e3o siempre se destaque sem incomodar quem est\u00e1 ali. <\/span><span style=\"vertical-align: inherit\">Possui tecnologia de ponta com possibilidade de programa\u00e7\u00e3o.<\/span><\/span><\/p>\n<p><span style=\"vertical-align: inherit\"><span style=\"vertical-align: inherit\">Diferenciais: <\/span><\/span><br \/>\n<span style=\"vertical-align: inherit\"><span style=\"vertical-align: inherit\">\u2013 Possui programaci\u00f3n vers\u00e1til y f\u00e1cil de usar <\/span><\/span><br \/>\n<span style=\"vertical-align: inherit\"><span style=\"vertical-align: inherit\">\u2013 Agenda os dias que sua m\u00e1quina tem para trabajar <\/span><\/span><br \/>\n<span style=\"vertical-align: inherit\"><span style=\"vertical-align: inherit\">\u2013 Agenda o horario de inicio y t\u00e9rmino de la m\u00e1quina <\/span><\/span><br \/>\n<span style=\"vertical-align: inherit\"><span style=\"vertical-align: inherit\">\u2013 Deixa sua aromatiza\u00e7\u00e3o no autom\u00e1tico <\/span><\/span><br \/>\n<span style=\"vertical-align: inherit\"><span style=\"vertical-align: inherit\">\u2013 Posibilidad de programaci\u00f3n totalmente digital. <\/span><\/span><br \/>\n<span style=\"vertical-align: inherit\"><span style=\"vertical-align: inherit\">\u2013 Tela digital<\/span><\/span><\/p>\n<p><span style=\"vertical-align: inherit\"><span style=\"vertical-align: inherit\">Caracter\u00edsticas T\u00e9cnicas: <\/span><\/span><br \/>\n<span style=\"vertical-align: inherit\"><span style=\"vertical-align: inherit\">\u2013 Coro blanco <\/span><\/span><br \/>\n<span style=\"vertical-align: inherit\"><span style=\"vertical-align: inherit\">\u2013 Material: PEAD \u2013 polietileno de alta densidad <\/span><\/span><br \/>\n<span style=\"vertical-align: inherit\"><span style=\"vertical-align: inherit\">\u2013 Peso: 950 gramos <\/span><\/span><br \/>\n<span style=\"vertical-align: inherit\"><span style=\"vertical-align: inherit\">\u2013 Dimensiones: C 17 cm x A 20 cm x P 8 cm <\/span><\/span><br \/>\n<span style=\"vertical-align: inherit\"><span style=\"vertical-align: inherit\">\u2013 Funciona con fuente 12V\/0,5 bivolt incluido <\/span><\/span><br \/>\n<span style=\"vertical-align: inherit\"><span style=\"vertical-align: inherit\">\u2013 Reservat\u00f3rio de: 800ml <\/span><\/span><br \/>\n<span style=\"vertical-align: inherit\"><span style=\"vertical-align: inherit\">\u2013 Refil : Recarga para m\u00e1quina Profissional \u2013 Indicado para Recargas BOBSON <\/span><\/span><br \/>\n<span style=\"vertical-align: inherit\"><span style=\"vertical-align: inherit\">\u2013 Funcionamiento m\u00e1ximo: 300 segundos \u2013 Funcionamiento m\u00ednimo: 5 segundos <\/span><\/span><br \/>\n<span style=\"vertical-align: inherit\"><span style=\"vertical-align: inherit\">\u2013 Altura indicada: M\u00ednimo 1,50m y m\u00e1ximo 1,80m <\/span><\/span><br \/>\n<span style=\"vertical-align: inherit\"><span style=\"vertical-align: inherit\">\u2013 Uso sugerido para ambientes de at\u00e9 500m2 o aire acondicionado central<\/span><\/span><\/p>\n<p><span style=\"vertical-align: inherit\"><span style=\"vertical-align: inherit\">Contenido del embalaje: <\/span><\/span><br \/>\n<span style=\"vertical-align: inherit\"><span style=\"vertical-align: inherit\">\u2013 1 Aromatizadora Profesional Autom\u00e1tica 200m2 <\/span><\/span><br \/>\n<span style=\"vertical-align: inherit\"><span style=\"vertical-align: inherit\">\u2013 1 fuente 12V\/0,5 A <\/span><\/span><br \/>\n<span style=\"vertical-align: inherit\"><span style=\"vertical-align: inherit\">\u2013 1 Manual de instrucciones <\/span><\/span><br \/>\n<span style=\"vertical-align: inherit\"><span style=\"vertical-align: inherit\">\u2013 1 Reserva de 800ml<\/span><\/span><\/p>","protected":false},"excerpt":{"rendered":"<p>M\u00c1QUINA AUTOM\u00c1TICA PROFESIONAL DE AROMAS \u2013 STOCK DISPONIBLE, ENTREGA LISTA Sobre la m\u00e1quina: La M\u00e1quina Autom\u00e1tica Profesional, para aromatizaci\u00f3n y aromatizaci\u00f3n olfativa.<\/p>","protected":false},"featured_media":8882,"comment_status":"open","ping_status":"closed","template":"","meta":[],"product_brand":[],"product_cat":[74],"product_tag":[],"class_list":{"0":"post-8823","1":"product","2":"type-product","3":"status-publish","4":"has-post-thumbnail","6":"product_cat-odorizers","8":"first","9":"instock","10":"taxable","11":"shipping-taxable","12":"purchasable","13":"product-type-simple"},"_links":{"self":[{"href":"https:\/\/americanscentshygiene.com\/es\/wp-json\/wp\/v2\/product\/8823","targetHints":{"allow":["GET"]}}],"collection":[{"href":"https:\/\/americanscentshygiene.com\/es\/wp-json\/wp\/v2\/product"}],"about":[{"href":"https:\/\/americanscentshygiene.com\/es\/wp-json\/wp\/v2\/types\/product"}],"replies":[{"embeddable":true,"href":"https:\/\/americanscentshygiene.com\/es\/wp-json\/wp\/v2\/comments?post=8823"}],"version-history":[{"count":3,"href":"https:\/\/americanscentshygiene.com\/es\/wp-json\/wp\/v2\/product\/8823\/revisions"}],"predecessor-version":[{"id":9315,"href":"https:\/\/americanscentshygiene.com\/es\/wp-json\/wp\/v2\/product\/8823\/revisions\/9315"}],"wp:featuredmedia":[{"embeddable":true,"href":"https:\/\/americanscentshygiene.com\/es\/wp-json\/wp\/v2\/media\/8882"}],"wp:attachment":[{"href":"https:\/\/americanscentshygiene.com\/es\/wp-json\/wp\/v2\/media?parent=8823"}],"wp:term":[{"taxonomy":"product_brand","embeddable":true,"href":"https:\/\/americanscentshygiene.com\/es\/wp-json\/wp\/v2\/product_brand?post=8823"},{"taxonomy":"product_cat","embeddable":true,"href":"https:\/\/americanscentshygiene.com\/es\/wp-json\/wp\/v2\/product_cat?post=8823"},{"taxonomy":"product_tag","embeddable":true,"href":"https:\/\/americanscentshygiene.com\/es\/wp-json\/wp\/v2\/product_tag?post=8823"}],"curies":[{"name":"gracias","href":"https:\/\/api.w.org\/{rel}","templated":true}]}}