{"id":8820,"date":"2023-04-06T09:26:24","date_gmt":"2023-04-06T13:26:24","guid":{"rendered":"https:\/\/americanscentshygiene.com\/?post_type=product&#038;p=8820"},"modified":"2025-07-15T10:38:18","modified_gmt":"2025-07-15T14:38:18","slug":"ad260-automatic-dispenser","status":"publish","type":"product","link":"https:\/\/americanscentshygiene.com\/es\/producto\/ad260-automatic-dispenser\/","title":{"rendered":"Dispensador Autom\u00e1tico AD260"},"content":{"rendered":"<p>Acerca de la m\u00e1quina: La m\u00e1quina AD 260, para aromatizaci\u00f3n y marketing olfativo, es el equipo ideal para sus entornos. Incluye su recarga de aerosol, \u00a1con la esencia que prefiera!<\/p>\n<p>Beneficios: Con este pr\u00e1ctico ambientador, puede aromatizar su habitaci\u00f3n de forma f\u00e1cil y tecnol\u00f3gica. Es m\u00e1s econ\u00f3mico con el recambio de aerosol incluido. Es ideal para tiendas, ba\u00f1os p\u00fablicos, hospitales, restaurantes, hoteles, gimnasios, cl\u00ednicas, oficinas, salas de estar y muchos otros entornos.<\/p>\n<p>Sobre la tecnolog\u00eda: Este dispositivo pulveriza la esencia en forma de aerosol y dispone de su propia recarga espec\u00edfica (aerosol), con las m\u00e1s variadas fragancias, \u00a1aromatizando as\u00ed tu ambiente!<\/p>\n<p>Diferenciales:<br \/>\n\u2013 Programaci\u00f3n vers\u00e1til y f\u00e1cil de usar<br \/>\n\u2013 Programa las horas de inicio y fin de la m\u00e1quina<br \/>\n\u2013 Esta m\u00e1quina ya est\u00e1 programada especialmente para ti<br \/>\n\u2013 Deja tu aromatizaci\u00f3n en autom\u00e1tico<br \/>\n\u2013 Pantalla digital<br \/>\n\u2013 Equipo t\u00e9cnico disponible para soporte<\/p>\n<p>\u2013 Disponible en 17 esencias, solo vea las variaciones en la recarga a continuaci\u00f3n<\/p>\n<p>Caracter\u00edsticas t\u00e9cnicas<br \/>\n\u2013 Color blanco<br \/>\n\u2013 Material: HDPE \u2013 polietileno de alta densidad<br \/>\n\u2013 Peso: 280 gramos<br \/>\n\u2013 Dimensiones: An 7,5 cm x Al 20 cm x Pr 7,5 cm<br \/>\n\u2013 Alimentaci\u00f3n: 1 BATER\u00cdA GRANDE QUE DURA 4 A\u00d1OS si se utiliza duracel<br \/>\n\u2013 Recarga: Recarga de aerosol en aerosol de 280 ml (disponible en una variedad de fragancias)<br \/>\n\u2013 Rango: 1 a 99 minutos<br \/>\n\u2013 Altura adecuada: M\u00ednimo 1,80m y m\u00e1ximo 2,00m<br \/>\n\u2013 Uso sugerido para ambientes de hasta 50m2 en una sola \u00e1rea<br \/>\n\u2013 Garant\u00eda de 7 d\u00edas<\/p>\n<p>Traducido con DeepL.com (versi\u00f3n gratuita)<\/p>\n<p>Contiene<br \/>\n\u2013 1 m\u00e1quina de aerosol<br \/>\n\u2013 1 manual de instrucciones<\/p>\n<p>Operaci\u00f3n sugerida, para durar 2 meses con nuestro recambio:<br \/>\n\u2013 9 horas al d\u00eda, 54 d\u00edas al mes, descanso sugerido de 7 min, con concentrado BOBSON.<\/p>\n<p>Notas adicionales:<br \/>\nEl uso de esta m\u00e1quina es m\u00e1s eficiente con los repuestos AMERICAN SCENTS &amp; HYGIENE, si utiliza otro repuesto que provoque da\u00f1os a la m\u00e1quina perder\u00e1 la garant\u00eda.<br \/>\nSeg\u00fan el C\u00f3digo de Protecci\u00f3n al Consumidor: \u201cLa garant\u00eda no cubre el mal uso por parte del consumidor y, por regla general, los manuales de usuario de este tipo de productos advierten contra ello, por lo que la garant\u00eda s\u00f3lo cubre los defectos o vicios del producto (art. 12, III)\u201d.<\/p>\n<p>Advertencia:<br \/>\nNo deje la m\u00e1quina pulverizando o rociando directamente o a corta distancia sobre materiales y objetos (muebles, suelos vin\u00edlicos, tejidos) que puedan da\u00f1arse o mancharse en contacto con aceite\/alcohol.<br \/>\nEl concentrado tiene como base aceite\/alcohol y podr\u00eda da\u00f1ar estos art\u00edculos.<\/p>","protected":false},"excerpt":{"rendered":"<p>About the machine: The AD 260 Machine, for flavoring and olfactory marketing, is the ideal equipment for your environments! It<\/p>","protected":false},"featured_media":8875,"comment_status":"open","ping_status":"closed","template":"","meta":[],"product_brand":[],"product_cat":[74],"product_tag":[],"class_list":{"0":"post-8820","1":"product","2":"type-product","3":"status-publish","4":"has-post-thumbnail","6":"product_cat-odorizers","8":"first","9":"instock","10":"taxable","11":"shipping-taxable","12":"purchasable","13":"product-type-simple"},"_links":{"self":[{"href":"https:\/\/americanscentshygiene.com\/es\/wp-json\/wp\/v2\/product\/8820","targetHints":{"allow":["GET"]}}],"collection":[{"href":"https:\/\/americanscentshygiene.com\/es\/wp-json\/wp\/v2\/product"}],"about":[{"href":"https:\/\/americanscentshygiene.com\/es\/wp-json\/wp\/v2\/types\/product"}],"replies":[{"embeddable":true,"href":"https:\/\/americanscentshygiene.com\/es\/wp-json\/wp\/v2\/comments?post=8820"}],"version-history":[{"count":8,"href":"https:\/\/americanscentshygiene.com\/es\/wp-json\/wp\/v2\/product\/8820\/revisions"}],"predecessor-version":[{"id":9397,"href":"https:\/\/americanscentshygiene.com\/es\/wp-json\/wp\/v2\/product\/8820\/revisions\/9397"}],"wp:featuredmedia":[{"embeddable":true,"href":"https:\/\/americanscentshygiene.com\/es\/wp-json\/wp\/v2\/media\/8875"}],"wp:attachment":[{"href":"https:\/\/americanscentshygiene.com\/es\/wp-json\/wp\/v2\/media?parent=8820"}],"wp:term":[{"taxonomy":"product_brand","embeddable":true,"href":"https:\/\/americanscentshygiene.com\/es\/wp-json\/wp\/v2\/product_brand?post=8820"},{"taxonomy":"product_cat","embeddable":true,"href":"https:\/\/americanscentshygiene.com\/es\/wp-json\/wp\/v2\/product_cat?post=8820"},{"taxonomy":"product_tag","embeddable":true,"href":"https:\/\/americanscentshygiene.com\/es\/wp-json\/wp\/v2\/product_tag?post=8820"}],"curies":[{"name":"gracias","href":"https:\/\/api.w.org\/{rel}","templated":true}]}}