{"id":8802,"date":"2023-04-06T09:07:53","date_gmt":"2023-04-06T13:07:53","guid":{"rendered":"https:\/\/americanscentshygiene.com\/?post_type=product&#038;p=8802"},"modified":"2023-07-16T06:00:14","modified_gmt":"2023-07-16T10:00:14","slug":"refill-for-flavoring-fom-100-neutral","status":"publish","type":"product","link":"https:\/\/americanscentshygiene.com\/es\/producto\/refill-for-flavoring-fom-100-neutral\/","title":{"rendered":"Recambio Para Aromatizar Fom 100 Neutro"},"content":{"rendered":"<p>Acerca de BOBSON: BOBSON es la mayor empresa de Marketing Olfativo e Identidad Olfativa de Brasil, estamos presentes en todos los estados m\u00e1s el distrito federal.<br \/>\nContamos con un equipo de perfumistas, y nuestras m\u00e1quinas est\u00e1n exclusivamente desarrolladas para tener la mejor aplicaci\u00f3n posible del Marketing Olfativo.<br \/>\nNuestro equipo t\u00e9cnico est\u00e1 a su disposici\u00f3n para cualquier duda y ayuda que pueda necesitar.<\/p>\n<p><span style=\"vertical-align: inherit\"><span style=\"vertical-align: inherit\">Sobre el producto: Refil Aerosol BOBSON tem a maior concentra\u00e7\u00e3o and dissipa\u00e7\u00e3o de ess\u00eancia do market com 5.400 borrifadas and sem compara\u00e7\u00e3o com nenhum produto no fabricado <\/span><span style=\"vertical-align: inherit\">brasil <\/span><\/span><br \/>\n<span style=\"vertical-align: inherit\"><span style=\"vertical-align: inherit\">IMPORTANTE <\/span><\/span><br \/>\n<span style=\"vertical-align: inherit\"><span style=\"vertical-align: inherit\">economize em produto, frete e manuten\u00e7\u00e3o. <\/span><\/span><br \/>\n<span style=\"vertical-align: inherit\"><span style=\"vertical-align: inherit\">\u00c9 o refil da mais alta qualidade dispon\u00edvel actualmente, encante seu cliente a trav\u00e9s del aroma com o Refil BOBSON Aerossol.<\/span><\/span><\/p>\n<p><span style=\"vertical-align: inherit\"><span style=\"vertical-align: inherit\">Diferenciais: <\/span><\/span><br \/>\n<span style=\"vertical-align: inherit\"><span style=\"vertical-align: inherit\">\u2013 Dispon\u00edvel em diversity ess\u00eancias (consulte varia\u00e7\u00e3o), perfeito para aromatizar qualquer ambiente com amor, carinho e excel\u00eancia. <\/span><\/span><br \/>\n<span style=\"vertical-align: inherit\"><span style=\"vertical-align: inherit\">\u00a1Traga essa ess\u00eancia para su vida!<\/span><\/span><\/p>\n<p><span style=\"vertical-align: inherit\"><span style=\"vertical-align: inherit\">\u2013 5.400 pulverizaciones<\/span><\/span><\/p>\n<p><span style=\"vertical-align: inherit\"><span style=\"vertical-align: inherit\">Caracter\u00edsticas T\u00e9cnicas: <\/span><\/span><br \/>\n<span style=\"vertical-align: inherit\"><span style=\"vertical-align: inherit\">\u2013 Desenvolvido com ess\u00eancias importadas. <\/span><\/span><br \/>\n<span style=\"vertical-align: inherit\"><span style=\"vertical-align: inherit\">\u2013 Mant\u00e9m uma concentra\u00e7\u00e3o de mais de 20% de fragr\u00e2ncia, \u00e9 mais que um perfume corporal. <\/span><\/span><br \/>\n<span style=\"vertical-align: inherit\"><span style=\"vertical-align: inherit\">\u2013 Ideal para ambientes de at\u00e9 50 m2. <\/span><\/span><br \/>\n<span style=\"vertical-align: inherit\"><span style=\"vertical-align: inherit\">\u2013 Trabalhando constantemente, 24 horas por d\u00eda con intervalo de 14 minutos, durar\u00e1 cerca de 54 DIAS. <\/span><\/span><br \/>\n<span style=\"vertical-align: inherit\"><span style=\"vertical-align: inherit\">\u2013 Trabalhando constantemente, 12 horas por d\u00eda con intervalo de 7 minutos, durar\u00e1 cerca de 54 DIAS.<\/span><\/span><\/p>","protected":false},"excerpt":{"rendered":"<p>Acerca de BOBSON: BOBSON es la mayor empresa de Marketing Olfativo e Identidad Olfativa de Brasil, estamos presentes en todos los estados<\/p>","protected":false},"featured_media":9312,"comment_status":"open","ping_status":"closed","template":"","meta":[],"product_brand":[],"product_cat":[78],"product_tag":[],"class_list":{"0":"post-8802","1":"product","2":"type-product","3":"status-publish","4":"has-post-thumbnail","6":"product_cat-refills-for-odorizers","8":"first","9":"instock","10":"taxable","11":"shipping-taxable","12":"purchasable","13":"product-type-simple"},"_links":{"self":[{"href":"https:\/\/americanscentshygiene.com\/es\/wp-json\/wp\/v2\/product\/8802","targetHints":{"allow":["GET"]}}],"collection":[{"href":"https:\/\/americanscentshygiene.com\/es\/wp-json\/wp\/v2\/product"}],"about":[{"href":"https:\/\/americanscentshygiene.com\/es\/wp-json\/wp\/v2\/types\/product"}],"replies":[{"embeddable":true,"href":"https:\/\/americanscentshygiene.com\/es\/wp-json\/wp\/v2\/comments?post=8802"}],"version-history":[{"count":2,"href":"https:\/\/americanscentshygiene.com\/es\/wp-json\/wp\/v2\/product\/8802\/revisions"}],"predecessor-version":[{"id":9210,"href":"https:\/\/americanscentshygiene.com\/es\/wp-json\/wp\/v2\/product\/8802\/revisions\/9210"}],"wp:featuredmedia":[{"embeddable":true,"href":"https:\/\/americanscentshygiene.com\/es\/wp-json\/wp\/v2\/media\/9312"}],"wp:attachment":[{"href":"https:\/\/americanscentshygiene.com\/es\/wp-json\/wp\/v2\/media?parent=8802"}],"wp:term":[{"taxonomy":"product_brand","embeddable":true,"href":"https:\/\/americanscentshygiene.com\/es\/wp-json\/wp\/v2\/product_brand?post=8802"},{"taxonomy":"product_cat","embeddable":true,"href":"https:\/\/americanscentshygiene.com\/es\/wp-json\/wp\/v2\/product_cat?post=8802"},{"taxonomy":"product_tag","embeddable":true,"href":"https:\/\/americanscentshygiene.com\/es\/wp-json\/wp\/v2\/product_tag?post=8802"}],"curies":[{"name":"gracias","href":"https:\/\/api.w.org\/{rel}","templated":true}]}}