{"id":8791,"date":"2023-04-06T08:45:14","date_gmt":"2023-04-06T12:45:14","guid":{"rendered":"https:\/\/americanscentshygiene.com\/?post_type=product&#038;p=8791"},"modified":"2023-04-07T08:41:41","modified_gmt":"2023-04-07T12:41:41","slug":"ct-600-toilet-odorizer-sleeve-box-w-12un","status":"publish","type":"product","link":"https:\/\/americanscentshygiene.com\/es\/producto\/ct-600-toilet-odorizer-sleeve-box-w-12un\/","title":{"rendered":"Ct 600 Odorizador Inodoro \u2013 Manga (caja C\/ 12un)"},"content":{"rendered":"<p>30 d\u00edas de durabilidad<br \/>\nSin contacto con el agua, lo que significa una mayor durabilidad.<br \/>\n&#039;El \u00fanico con esta tecnolog\u00eda disponible en Brasil hoy<br \/>\nOloriza el inodoro y el ba\u00f1o juntos.<br \/>\nIdeal para Hoteles, Moteles, Hospitales<br \/>\nAromas, C\u00edtricos, Mango y Fresa<br \/>\ncaja con 12 unidades<\/p>","protected":false},"excerpt":{"rendered":"<p>30 d\u00edas de durabilidad Sin contacto con el agua, lo que significa mayor durabilidad &#039;El \u00fanico con esta tecnolog\u00eda disponible en Brasil hoy<\/p>","protected":false},"featured_media":8885,"comment_status":"open","ping_status":"closed","template":"","meta":[],"product_brand":[],"product_cat":[87],"product_tag":[],"class_list":{"0":"post-8791","1":"product","2":"type-product","3":"status-publish","4":"has-post-thumbnail","6":"product_cat-toilet-bowl-deodorizers","8":"first","9":"instock","10":"taxable","11":"shipping-taxable","12":"purchasable","13":"product-type-simple"},"_links":{"self":[{"href":"https:\/\/americanscentshygiene.com\/es\/wp-json\/wp\/v2\/product\/8791","targetHints":{"allow":["GET"]}}],"collection":[{"href":"https:\/\/americanscentshygiene.com\/es\/wp-json\/wp\/v2\/product"}],"about":[{"href":"https:\/\/americanscentshygiene.com\/es\/wp-json\/wp\/v2\/types\/product"}],"replies":[{"embeddable":true,"href":"https:\/\/americanscentshygiene.com\/es\/wp-json\/wp\/v2\/comments?post=8791"}],"version-history":[{"count":1,"href":"https:\/\/americanscentshygiene.com\/es\/wp-json\/wp\/v2\/product\/8791\/revisions"}],"predecessor-version":[{"id":8792,"href":"https:\/\/americanscentshygiene.com\/es\/wp-json\/wp\/v2\/product\/8791\/revisions\/8792"}],"wp:featuredmedia":[{"embeddable":true,"href":"https:\/\/americanscentshygiene.com\/es\/wp-json\/wp\/v2\/media\/8885"}],"wp:attachment":[{"href":"https:\/\/americanscentshygiene.com\/es\/wp-json\/wp\/v2\/media?parent=8791"}],"wp:term":[{"taxonomy":"product_brand","embeddable":true,"href":"https:\/\/americanscentshygiene.com\/es\/wp-json\/wp\/v2\/product_brand?post=8791"},{"taxonomy":"product_cat","embeddable":true,"href":"https:\/\/americanscentshygiene.com\/es\/wp-json\/wp\/v2\/product_cat?post=8791"},{"taxonomy":"product_tag","embeddable":true,"href":"https:\/\/americanscentshygiene.com\/es\/wp-json\/wp\/v2\/product_tag?post=8791"}],"curies":[{"name":"gracias","href":"https:\/\/api.w.org\/{rel}","templated":true}]}}