{"id":8762,"date":"2023-04-05T07:19:36","date_gmt":"2023-04-05T11:19:36","guid":{"rendered":"https:\/\/americanscentshygiene.com\/?post_type=product&#038;p=8762"},"modified":"2023-06-27T17:26:36","modified_gmt":"2023-06-27T21:26:36","slug":"refill-for-japan-vanilla-flavors-150ml-rim-300-800","status":"publish","type":"product","link":"https:\/\/americanscentshygiene.com\/es\/producto\/refill-for-japan-vanilla-flavors-150ml-rim-300-800\/","title":{"rendered":"Recambio para Japan Vanilla Flavors \u2013 150ml (borde 300\/800"},"content":{"rendered":"<p><span style=\"vertical-align: inherit\"><span style=\"vertical-align: inherit\">Descripci\u00f3n Olfativa de la Baunilha do Jap\u00e3o<\/span><\/span><\/p>\n<p><span style=\"vertical-align: inherit\"><span style=\"vertical-align: inherit\">Fragr\u00e2ncia extremadamente atractiva.<\/span><\/span><\/p>\n<p><span style=\"vertical-align: inherit\"><span style=\"vertical-align: inherit\">(CUIDADOS ESSENCIAIS COM O MEIO AMBIENTE DISPOSITIVO NEBULIZADOR MODELO ARO 25 OU ARO 500)<\/span><\/span><\/p>","protected":false},"excerpt":{"rendered":"<p>Descripci\u00f3n Olfativa da Baunilha do Jap\u00e3o Fragr\u00e2ncia extremadamente atractiva. (CUIDADOS ESSENCIAIS COM O MEIO AMBIENTE DISPOSITIVO NEBULIZADOR MODELO ARO 25<\/p>","protected":false},"featured_media":9284,"comment_status":"open","ping_status":"closed","template":"","meta":[],"product_brand":[],"product_cat":[78],"product_tag":[],"class_list":{"0":"post-8762","1":"product","2":"type-product","3":"status-publish","4":"has-post-thumbnail","6":"product_cat-refills-for-odorizers","8":"first","9":"instock","10":"taxable","11":"shipping-taxable","12":"purchasable","13":"product-type-simple"},"_links":{"self":[{"href":"https:\/\/americanscentshygiene.com\/es\/wp-json\/wp\/v2\/product\/8762","targetHints":{"allow":["GET"]}}],"collection":[{"href":"https:\/\/americanscentshygiene.com\/es\/wp-json\/wp\/v2\/product"}],"about":[{"href":"https:\/\/americanscentshygiene.com\/es\/wp-json\/wp\/v2\/types\/product"}],"replies":[{"embeddable":true,"href":"https:\/\/americanscentshygiene.com\/es\/wp-json\/wp\/v2\/comments?post=8762"}],"version-history":[{"count":2,"href":"https:\/\/americanscentshygiene.com\/es\/wp-json\/wp\/v2\/product\/8762\/revisions"}],"predecessor-version":[{"id":9264,"href":"https:\/\/americanscentshygiene.com\/es\/wp-json\/wp\/v2\/product\/8762\/revisions\/9264"}],"wp:featuredmedia":[{"embeddable":true,"href":"https:\/\/americanscentshygiene.com\/es\/wp-json\/wp\/v2\/media\/9284"}],"wp:attachment":[{"href":"https:\/\/americanscentshygiene.com\/es\/wp-json\/wp\/v2\/media?parent=8762"}],"wp:term":[{"taxonomy":"product_brand","embeddable":true,"href":"https:\/\/americanscentshygiene.com\/es\/wp-json\/wp\/v2\/product_brand?post=8762"},{"taxonomy":"product_cat","embeddable":true,"href":"https:\/\/americanscentshygiene.com\/es\/wp-json\/wp\/v2\/product_cat?post=8762"},{"taxonomy":"product_tag","embeddable":true,"href":"https:\/\/americanscentshygiene.com\/es\/wp-json\/wp\/v2\/product_tag?post=8762"}],"curies":[{"name":"gracias","href":"https:\/\/api.w.org\/{rel}","templated":true}]}}