{"id":8597,"date":"2023-04-05T06:44:30","date_gmt":"2023-04-05T10:44:30","guid":{"rendered":"https:\/\/americanscentshygiene.com\/?post_type=product&#038;p=8597"},"modified":"2025-06-27T14:24:39","modified_gmt":"2025-06-27T18:24:39","slug":"kit-machfloss-evolution-wire-antiseptic-850ml","status":"publish","type":"product","link":"https:\/\/americanscentshygiene.com\/es\/producto\/kit-machfloss-evolution-wire-antiseptic-850ml\/","title":{"rendered":"Kit Machfloss Evolution + Alambre + Antis\u00e9ptico 1240ml"},"content":{"rendered":"<p>KIT CON DISPENSADOR EVOLUTION 3 EN 1 + 1 RECARGA DE HILO DENTAL 400 METROS + 1 BOLSA DE RECARGA DE ENJUAGUE BUCAL SABOR MENTA 1240ML<\/p>\n<p>\u00a1Transforma la Higiene Bucal de tu Espacio con el Dispensador Evolution 3\u00d71!<\/p>\n<p>\u00bfEst\u00e1s cansado de soluciones de higiene bucal obsoletas y poco pr\u00e1cticas?<\/p>\n<p>Presentamos el Dispensador Evolution 3\u00d71, \u00a1la revoluci\u00f3n que tus clientes y empleados merecen! Imagina un \u00fanico producto que ofrece:<\/p>\n<p>Hilo dental siempre a mano: Compartimento cerrado, protegido de la contaminaci\u00f3n y con f\u00e1cil acceso a la cantidad ideal de hilo dental.<\/p>\n<p>Enjuague bucal refrescante: Una experiencia completa de higiene bucal, con practicidad y sofisticaci\u00f3n.<\/p>\n<p>Portavasos integrado: Todo lo que necesitas en un solo lugar, optimizando el espacio y facilitando su uso.<\/p>\n<p>Tecnolog\u00eda antibacteriana NANOX: \u00a1Exclusividad! Nuestros componentes est\u00e1n inyectados con ABS natural y el aditivo NANOX, lo que combate la proliferaci\u00f3n de bacterias y garantiza la m\u00e1xima higiene.<\/p>\n<p>Dise\u00f1o moderno y funcional: Elegancia que se adapta a cualquier ambiente, desde cl\u00ednicas de renombre hasta restaurantes y concurridos centros comerciales.<\/p>\n<p>Econom\u00eda y practicidad: Rollos de hilo dental muy duraderos y f\u00e1ciles de reemplazar, para que puedas preocuparte menos y disfrutar m\u00e1s.<\/p>\n<p>Higiene impecable: el compartimento cerrado para el hilo dental y los materiales de alta calidad garantizan la seguridad y el bienestar de todos.<\/p>\n<p>Ideal para: Consultorios dentales que buscan ofrecer lo mejor para sus pacientes.<\/p>\n<p>Restaurantes y centros comerciales que se preocupan por la experiencia completa de sus clientes.<\/p>\n<p>Empresas que valoran la salud y el bienestar de sus empleados.<\/p>\n<p>Dimensiones: 34 cm x 17,5 cm x 10 cm<\/p>\n<p>Art\u00edculos incluidos: 1 Dispensador Evolution 3\u00d71 (Enjuague bucal, hilo dental y portavasos)<\/p>\n<p>1 Recambio de hilo dental 400m<\/p>\n<p>1 bolsita de enjuague bucal de menta de 1240 ml<\/p>\n<p>1 Manual de instrucciones \u00a1No pierdas la oportunidad de elevar el nivel de higiene bucal en tu espacio!<\/p>\n<p>Consigue ahora tu Dispensador Evolution 3\u00d71 y ofrece una experiencia \u00fanica y completa para tus clientes y empleados.<\/p>\n<p>RECARGA INCLUIDA RECARGA INCLUIDA RECARGA INCLUIDA<\/p>\n<p>TENEMOS LOS RECARGOS ORIGINALES PARA REEMPLAZO<\/p>\n<p>&nbsp;<\/p>\n<p>&nbsp;<\/p>","protected":false},"excerpt":{"rendered":"<p>KIT WITH 3-IN-1 EVOLUTION DISPENSER + 1 DENTAL FLOSS REFILL 400 METERS + 1 BAG OF MINT FLAVOR MOUTHWASH REFILL<\/p>","protected":false},"featured_media":9392,"comment_status":"open","ping_status":"closed","template":"","meta":[],"product_brand":[],"product_cat":[28],"product_tag":[],"class_list":{"0":"post-8597","1":"product","2":"type-product","3":"status-publish","4":"has-post-thumbnail","6":"product_cat-bathroom-accessories","8":"first","9":"instock","10":"taxable","11":"shipping-taxable","12":"purchasable","13":"product-type-simple"},"_links":{"self":[{"href":"https:\/\/americanscentshygiene.com\/es\/wp-json\/wp\/v2\/product\/8597","targetHints":{"allow":["GET"]}}],"collection":[{"href":"https:\/\/americanscentshygiene.com\/es\/wp-json\/wp\/v2\/product"}],"about":[{"href":"https:\/\/americanscentshygiene.com\/es\/wp-json\/wp\/v2\/types\/product"}],"replies":[{"embeddable":true,"href":"https:\/\/americanscentshygiene.com\/es\/wp-json\/wp\/v2\/comments?post=8597"}],"version-history":[{"count":4,"href":"https:\/\/americanscentshygiene.com\/es\/wp-json\/wp\/v2\/product\/8597\/revisions"}],"predecessor-version":[{"id":9394,"href":"https:\/\/americanscentshygiene.com\/es\/wp-json\/wp\/v2\/product\/8597\/revisions\/9394"}],"wp:featuredmedia":[{"embeddable":true,"href":"https:\/\/americanscentshygiene.com\/es\/wp-json\/wp\/v2\/media\/9392"}],"wp:attachment":[{"href":"https:\/\/americanscentshygiene.com\/es\/wp-json\/wp\/v2\/media?parent=8597"}],"wp:term":[{"taxonomy":"product_brand","embeddable":true,"href":"https:\/\/americanscentshygiene.com\/es\/wp-json\/wp\/v2\/product_brand?post=8597"},{"taxonomy":"product_cat","embeddable":true,"href":"https:\/\/americanscentshygiene.com\/es\/wp-json\/wp\/v2\/product_cat?post=8597"},{"taxonomy":"product_tag","embeddable":true,"href":"https:\/\/americanscentshygiene.com\/es\/wp-json\/wp\/v2\/product_tag?post=8597"}],"curies":[{"name":"gracias","href":"https:\/\/api.w.org\/{rel}","templated":true}]}}