{"id":8583,"date":"2023-04-04T13:45:28","date_gmt":"2023-04-04T17:45:28","guid":{"rendered":"https:\/\/americanscentshygiene.com\/?post_type=product&#038;p=8583"},"modified":"2025-06-26T15:15:54","modified_gmt":"2025-06-26T19:15:54","slug":"automatic-dental-floss-dispenser-machfloss-personal-pro-black","status":"publish","type":"product","link":"https:\/\/americanscentshygiene.com\/es\/producto\/automatic-dental-floss-dispenser-machfloss-personal-pro-black\/","title":{"rendered":"Autom\u00e1tico De Hilo Dental Dispensador De Machfloss Personal Pro \u2013 Negro"},"content":{"rendered":"<p>Dispensador de hilo dental Machfloss Personal Pro<\/p>\n<p>El Machfloss Personal Pro es un dispensador de hilo dental con corte autom\u00e1tico compacto, con una dosis definida de 40cm por uso, activado por un bot\u00f3n de presi\u00f3n en el lateral. Equipo 100% cerrado, no dejando el hilo dental expuesto, lo que garantiza higiene y protecci\u00f3n para el hilo dental y sus usuarios. Su tama\u00f1o compacto lo convierte en una soluci\u00f3n para su uso en entornos corporativos, recreativos y residenciales.<\/p>\n<p>Disponible en 03 colores: Azul, Dorado y Negro<\/p>\n<p>Ventajas y beneficios:<\/p>\n<p>\u00b0 03 meses de garant\u00eda contra defectos de fabricaci\u00f3n;<\/p>\n<p>\u00b0 Cuerpo en Pl\u00e1stico ABS, que garantiza alta resistencia y durabilidad;<\/p>\n<p>\u00b0 Higiene garantizada;<\/p>\n<p>\u00b0 Corte personalizado: 40cm por uso.<\/p>\n<p>\u00b0 La fijaci\u00f3n del producto a la pared se realiza mediante cinta de doble cara (incluida con el producto) o tornillos;<\/p>\n<p>\u00b0 Cerradura de seguridad, que evita el robo del cable;<\/p>\n<p>\u00b0 Dise\u00f1o Moderno;<\/p>\n<p>\u00b0 Reemplaza el palillo de madera.<\/p>\n<p>NO VIENE CON EL RECAMBIO DE SUELO DENTAL<\/p>","protected":false},"excerpt":{"rendered":"<p>Dispensador de hilo dental bucal Machfloss Personal Pro El Machfloss Personal Pro es un dispensador de hilo dental con un corte autom\u00e1tico compacto,<\/p>","protected":false},"featured_media":9382,"comment_status":"open","ping_status":"closed","template":"","meta":[],"product_brand":[],"product_cat":[28],"product_tag":[],"class_list":{"0":"post-8583","1":"product","2":"type-product","3":"status-publish","4":"has-post-thumbnail","6":"product_cat-bathroom-accessories","8":"first","9":"instock","10":"taxable","11":"shipping-taxable","12":"purchasable","13":"product-type-simple"},"_links":{"self":[{"href":"https:\/\/americanscentshygiene.com\/es\/wp-json\/wp\/v2\/product\/8583","targetHints":{"allow":["GET"]}}],"collection":[{"href":"https:\/\/americanscentshygiene.com\/es\/wp-json\/wp\/v2\/product"}],"about":[{"href":"https:\/\/americanscentshygiene.com\/es\/wp-json\/wp\/v2\/types\/product"}],"replies":[{"embeddable":true,"href":"https:\/\/americanscentshygiene.com\/es\/wp-json\/wp\/v2\/comments?post=8583"}],"version-history":[{"count":2,"href":"https:\/\/americanscentshygiene.com\/es\/wp-json\/wp\/v2\/product\/8583\/revisions"}],"predecessor-version":[{"id":8876,"href":"https:\/\/americanscentshygiene.com\/es\/wp-json\/wp\/v2\/product\/8583\/revisions\/8876"}],"wp:featuredmedia":[{"embeddable":true,"href":"https:\/\/americanscentshygiene.com\/es\/wp-json\/wp\/v2\/media\/9382"}],"wp:attachment":[{"href":"https:\/\/americanscentshygiene.com\/es\/wp-json\/wp\/v2\/media?parent=8583"}],"wp:term":[{"taxonomy":"product_brand","embeddable":true,"href":"https:\/\/americanscentshygiene.com\/es\/wp-json\/wp\/v2\/product_brand?post=8583"},{"taxonomy":"product_cat","embeddable":true,"href":"https:\/\/americanscentshygiene.com\/es\/wp-json\/wp\/v2\/product_cat?post=8583"},{"taxonomy":"product_tag","embeddable":true,"href":"https:\/\/americanscentshygiene.com\/es\/wp-json\/wp\/v2\/product_tag?post=8583"}],"curies":[{"name":"gracias","href":"https:\/\/api.w.org\/{rel}","templated":true}]}}