{"id":8996,"date":"2023-04-10T14:37:44","date_gmt":"2023-04-10T18:37:44","guid":{"rendered":"https:\/\/americanscentshygiene.com\/?page_id=8996"},"modified":"2023-04-10T14:43:23","modified_gmt":"2023-04-10T18:43:23","slug":"videos","status":"publish","type":"page","link":"https:\/\/americanscentshygiene.com\/es\/videos\/","title":{"rendered":"Videos"},"content":{"rendered":"<div data-elementor-type=\"wp-page\" data-elementor-id=\"8996\" class=\"elementor elementor-8996\">\n\t\t\t\t<div class=\"wd-negative-gap elementor-element elementor-element-3bada8e e-flex e-con-boxed e-con e-parent\" data-id=\"3bada8e\" data-element_type=\"container\">\n\t\t\t\t\t<div class=\"e-con-inner\">\n\t\t<div class=\"wd-negative-gap elementor-element elementor-element-2b9fcba e-flex e-con-boxed e-con e-child\" data-id=\"2b9fcba\" data-element_type=\"container\">\n\t\t\t\t\t<div class=\"e-con-inner\">\n\t\t<div class=\"elementor-element elementor-element-c45033a e-con-full e-flex e-con e-child\" data-id=\"c45033a\" data-element_type=\"container\">\n\t\t\t\t<div class=\"elementor-element elementor-element-f88b249 elementor-widget elementor-widget-video\" data-id=\"f88b249\" data-element_type=\"widget\" data-settings=\"{&quot;youtube_url&quot;:&quot;https:\\\/\\\/www.youtube.com\\\/watch?v=_7ymT8ShlkQ&quot;,&quot;lazy_load&quot;:&quot;yes&quot;,&quot;video_type&quot;:&quot;youtube&quot;,&quot;controls&quot;:&quot;yes&quot;}\" data-widget_type=\"video.default\">\n\t\t\t\t<div class=\"elementor-widget-container\">\n\t\t\t\t\t\t\t<div class=\"elementor-wrapper elementor-open-inline\">\n\t\t\t<div class=\"elementor-video\"><\/div>\t\t<\/div>\n\t\t\t\t\t\t<\/div>\n\t\t\t\t<\/div>\n\t\t\t\t<div class=\"elementor-element elementor-element-a712067 elementor-widget elementor-widget-heading\" data-id=\"a712067\" data-element_type=\"widget\" data-widget_type=\"heading.default\">\n\t\t\t\t<div class=\"elementor-widget-container\">\n\t\t\t\t\t<h2 class=\"elementor-heading-title elementor-size-default\">Urinario American Scent Hygiene - F\u00e1cil mantenimiento<\/h2>\t\t\t\t<\/div>\n\t\t\t\t<\/div>\n\t\t\t\t<\/div>\n\t\t<div class=\"elementor-element elementor-element-6fd8f40 e-con-full e-flex e-con e-child\" data-id=\"6fd8f40\" data-element_type=\"container\">\n\t\t\t\t<div class=\"elementor-element elementor-element-38a0d58 elementor-widget elementor-widget-video\" data-id=\"38a0d58\" data-element_type=\"widget\" data-settings=\"{&quot;youtube_url&quot;:&quot;https:\\\/\\\/www.youtube.com\\\/watch?v=K7N-IJ9yo6E&quot;,&quot;lazy_load&quot;:&quot;yes&quot;,&quot;video_type&quot;:&quot;youtube&quot;,&quot;controls&quot;:&quot;yes&quot;}\" data-widget_type=\"video.default\">\n\t\t\t\t<div class=\"elementor-widget-container\">\n\t\t\t\t\t\t\t<div class=\"elementor-wrapper elementor-open-inline\">\n\t\t\t<div class=\"elementor-video\"><\/div>\t\t<\/div>\n\t\t\t\t\t\t<\/div>\n\t\t\t\t<\/div>\n\t\t\t\t<div class=\"elementor-element elementor-element-1db3a69 elementor-widget elementor-widget-heading\" data-id=\"1db3a69\" data-element_type=\"widget\" data-widget_type=\"heading.default\">\n\t\t\t\t<div class=\"elementor-widget-container\">\n\t\t\t\t\t<h2 class=\"elementor-heading-title elementor-size-default\">Desag\u00fce American Scent Hygiene<\/h2>\t\t\t\t<\/div>\n\t\t\t\t<\/div>\n\t\t\t\t<\/div>\n\t\t\t\t\t<\/div>\n\t\t\t\t<\/div>\n\t\t\t\t\t<\/div>\n\t\t\t\t<\/div>\n\t\t\t\t<\/div>","protected":false},"excerpt":{"rendered":"<p>Urinario higi\u00e9nico American Scent: f\u00e1cil mantenimiento. Desag\u00fce higi\u00e9nico American Scent.<\/p>","protected":false},"author":1,"featured_media":0,"parent":0,"menu_order":0,"comment_status":"closed","ping_status":"closed","template":"","meta":{"footnotes":""},"class_list":["post-8996","page","type-page","status-publish","hentry"],"_links":{"self":[{"href":"https:\/\/americanscentshygiene.com\/es\/wp-json\/wp\/v2\/pages\/8996","targetHints":{"allow":["GET"]}}],"collection":[{"href":"https:\/\/americanscentshygiene.com\/es\/wp-json\/wp\/v2\/pages"}],"about":[{"href":"https:\/\/americanscentshygiene.com\/es\/wp-json\/wp\/v2\/types\/page"}],"author":[{"embeddable":true,"href":"https:\/\/americanscentshygiene.com\/es\/wp-json\/wp\/v2\/users\/1"}],"replies":[{"embeddable":true,"href":"https:\/\/americanscentshygiene.com\/es\/wp-json\/wp\/v2\/comments?post=8996"}],"version-history":[{"count":4,"href":"https:\/\/americanscentshygiene.com\/es\/wp-json\/wp\/v2\/pages\/8996\/revisions"}],"predecessor-version":[{"id":9005,"href":"https:\/\/americanscentshygiene.com\/es\/wp-json\/wp\/v2\/pages\/8996\/revisions\/9005"}],"wp:attachment":[{"href":"https:\/\/americanscentshygiene.com\/es\/wp-json\/wp\/v2\/media?parent=8996"}],"curies":[{"name":"gracias","href":"https:\/\/api.w.org\/{rel}","templated":true}]}}