{"id":8985,"date":"2023-04-10T13:51:28","date_gmt":"2023-04-10T17:51:28","guid":{"rendered":"https:\/\/americanscentshygiene.com\/?page_id=8985"},"modified":"2023-04-10T13:53:35","modified_gmt":"2023-04-10T17:53:35","slug":"company","status":"publish","type":"page","link":"https:\/\/americanscentshygiene.com\/es\/company\/","title":{"rendered":"Compa\u00f1\u00eda"},"content":{"rendered":"<p>Iniciamos operaciones en 1999 en S\u00e3o Paulo, Brasil con el prop\u00f3sito de distribuir exclusivamente los productos de American Scent Hygiene para Latinoam\u00e9rica y Norteam\u00e9rica. Esta empresa multinacional ofrece una amplia gama de productos para la higiene y limpieza de entornos.<br>Sus principales productos son neutralizadores de olores, papeleras autom\u00e1ticas, jaboneras, alfombrillas profesionales y accesorios de limpieza, siendo hoy l\u00edder mundial en el \u00e1rea de odorizaci\u00f3n de estancias.<\/p>\n\n\n\n<p>En Brasil, seguimos estrictamente los est\u00e1ndares establecidos por la casa matriz en cuanto a la operaci\u00f3n y asistencia posventa a los clientes. La filosof\u00eda de la empresa es vender soluciones a los clientes, no productos. De esta forma, absolutamente todos sus clientes tienen registrados sus dispositivos en nuestros equipos y se les hace un seguimiento de consumos, fechas, fragancias, incidencias, mantenimiento y limpieza. Peri\u00f3dicamente, toda la cartera de clientes es visitada por nuestro equipo de t\u00e9cnicos instaladores, todos empleados directos de la empresa.<\/p>\n\n\n\n<p><br>Este servicio, esta filosof\u00eda oriental de trabajo, asociada a la alta tecnolog\u00eda aplicada a los productos, orienta a la empresa hacia un nicho de mercado formado por clientes exigentes que valoran tanto la resoluci\u00f3n de problemas como la calidad del producto que adquieren.<\/p>\n\n\n\n<p>Nuestra misi\u00f3n es servir con calidad y transformar las zonas menos nobles de un edificio en una zona agradable y placentera.<\/p>","protected":false},"excerpt":{"rendered":"<p>Iniciamos operaciones en 1999 en S\u00e3o Paulo, Brasil con el prop\u00f3sito de distribuir exclusivamente los productos de American Scent.<\/p>","protected":false},"author":1,"featured_media":0,"parent":0,"menu_order":0,"comment_status":"closed","ping_status":"closed","template":"","meta":{"footnotes":""},"class_list":["post-8985","page","type-page","status-publish","hentry"],"_links":{"self":[{"href":"https:\/\/americanscentshygiene.com\/es\/wp-json\/wp\/v2\/pages\/8985","targetHints":{"allow":["GET"]}}],"collection":[{"href":"https:\/\/americanscentshygiene.com\/es\/wp-json\/wp\/v2\/pages"}],"about":[{"href":"https:\/\/americanscentshygiene.com\/es\/wp-json\/wp\/v2\/types\/page"}],"author":[{"embeddable":true,"href":"https:\/\/americanscentshygiene.com\/es\/wp-json\/wp\/v2\/users\/1"}],"replies":[{"embeddable":true,"href":"https:\/\/americanscentshygiene.com\/es\/wp-json\/wp\/v2\/comments?post=8985"}],"version-history":[{"count":2,"href":"https:\/\/americanscentshygiene.com\/es\/wp-json\/wp\/v2\/pages\/8985\/revisions"}],"predecessor-version":[{"id":8988,"href":"https:\/\/americanscentshygiene.com\/es\/wp-json\/wp\/v2\/pages\/8985\/revisions\/8988"}],"wp:attachment":[{"href":"https:\/\/americanscentshygiene.com\/es\/wp-json\/wp\/v2\/media?parent=8985"}],"curies":[{"name":"gracias","href":"https:\/\/api.w.org\/{rel}","templated":true}]}}