{"id":8973,"date":"2023-04-10T06:54:24","date_gmt":"2023-04-10T10:54:24","guid":{"rendered":"https:\/\/americanscentshygiene.com\/?page_id=8973"},"modified":"2023-04-10T07:18:40","modified_gmt":"2023-04-10T11:18:40","slug":"privacy-policy","status":"publish","type":"page","link":"https:\/\/americanscentshygiene.com\/es\/privacy-policy\/","title":{"rendered":"Pol\u00edtica de privacidad y t\u00e9rminos de servicio"},"content":{"rendered":"<h2 class=\"wp-block-heading\">Pol\u00edtica De Privacidad<\/h2>\n\n\n\n<p>Su privacidad es importante para nosotros. Es <strong>American Scents Higiene<\/strong> pol\u00edtica para respetar su privacidad con respecto a cualquier informaci\u00f3n que podamos recopilar de usted a trav\u00e9s de nuestro sitio web, <a href=\"https:\/\/americanscentshygiene.com\/es\/\">Higiene de aromas americanos<\/a>, y otros sitios que poseemos y operamos.<\/p>\n\n\n\n<p>Solo solicitamos informaci\u00f3n personal cuando realmente la necesitamos para brindarle un servicio. La recopilamos por medios justos y legales, con su conocimiento y consentimiento. Tambi\u00e9n le informamos por qu\u00e9 lo recopilamos y c\u00f3mo se utilizar\u00e1.<\/p>\n\n\n\n<p>Solo conservamos la informaci\u00f3n recopilada durante el tiempo que sea necesario para brindarle el servicio solicitado. Los datos que almacenamos, los protegeremos dentro de los medios comercialmente aceptables para evitar p\u00e9rdidas y robos, as\u00ed como el acceso, divulgaci\u00f3n, copia, uso o modificaci\u00f3n no autorizados.<\/p>\n\n\n\n<p>No compartimos ninguna informaci\u00f3n de identificaci\u00f3n personal p\u00fablicamente o con terceros, excepto cuando lo exija la ley.<\/p>\n\n\n\n<p>Nuestro sitio web puede tener enlaces a sitios externos que no son operados por nosotros. Tenga en cuenta que no tenemos control sobre el contenido y las pr\u00e1cticas de estos sitios, y no podemos aceptar responsabilidad alguna por sus respectivas pol\u00edticas de privacidad.<\/p>\n\n\n\n<p>Usted es libre de rechazar nuestra solicitud de su informaci\u00f3n personal, en el entendimiento de que es posible que no podamos brindarle algunos de los servicios que desea.<\/p>\n\n\n\n<p>Su uso continuado de nuestro sitio web se considerar\u00e1 como la aceptaci\u00f3n de nuestras pr\u00e1cticas en materia de privacidad e informaci\u00f3n personal. Si tiene alguna pregunta sobre c\u00f3mo manejamos los datos de los usuarios y la informaci\u00f3n personal, no dude en contactarnos.<\/p>\n\n\n\n<h2 class=\"wp-block-heading\">1.T\u00e9rminos del servicio<\/h2>\n\n\n\n<h3 class=\"wp-block-heading\">1. T\u00e9rminos<\/h3>\n\n\n\n<p>Al acceder al sitio web en <a href=\"https:\/\/americanscentshygiene.com\/es\/\">Higiene de aromas americanos<\/a> usted acepta estar sujeto a estos t\u00e9rminos de servicio, todas las leyes y regulaciones aplicables, y acepta que es responsable del cumplimiento de las leyes locales aplicables. Si no est\u00e1 de acuerdo con alguno de estos t\u00e9rminos, tiene prohibido usar o acceder a este sitio. Los materiales contenidos en este sitio web est\u00e1n protegidos por las leyes de derechos de autor y marcas registradas aplicables.<\/p>\n\n\n\n<h3 class=\"wp-block-heading\">2. Licencia de uso<\/h3>\n\n\n\n<ol class=\"wp-block-list\">\n<li>Se otorga permiso para descargar temporalmente una copia de los materiales (informaci\u00f3n o software) en el sitio web de American Scents Hygiene solo para visualizaci\u00f3n transitoria personal y no comercial. Esta es la concesi\u00f3n de una licencia, no una transferencia de t\u00edtulo, y bajo esta licencia usted no puede:\n<ol class=\"wp-block-list\">\n<li>modificar o copiar los materiales;<\/li>\n\n\n\n<li>usar los materiales para cualquier prop\u00f3sito comercial o para cualquier exhibici\u00f3n p\u00fablica (comercial o no comercial);<\/li>\n\n\n\n<li>intentar descompilar o aplicar ingenier\u00eda inversa a cualquier software contenido en el sitio web de American Scents Hygiene;<\/li>\n\n\n\n<li>eliminar cualquier derecho de autor u otras anotaciones de propiedad de los materiales; o<\/li>\n\n\n\n<li>transferir los materiales a otra persona o &#039;duplicar&#039; los materiales en cualquier otro servidor.<\/li>\n<\/ol>\n<\/li>\n\n\n\n<li>2. Esta licencia terminar\u00e1 autom\u00e1ticamente si viola alguna de estas restricciones y American Scents Hygiene puede cancelarla en cualquier momento. Al finalizar la visualizaci\u00f3n de estos materiales o al finalizar esta licencia, debe destruir cualquier material descargado que tenga en su poder, ya sea en formato electr\u00f3nico o impreso.<\/li>\n<\/ol>\n\n\n\n<h3 class=\"wp-block-heading\">3. Descargo de responsabilidad<\/h3>\n\n\n\n<ol class=\"wp-block-list\">\n<li>1. Los materiales del sitio web de American Scents Hygiene se proporcionan &quot;tal cual&quot;. American Scents Hygiene no ofrece garant\u00edas, expresas o impl\u00edcitas, y por la presente renuncia y niega todas las dem\u00e1s garant\u00edas, incluidas, entre otras, garant\u00edas impl\u00edcitas o condiciones de comerciabilidad, idoneidad para un prop\u00f3sito particular o no infracci\u00f3n de propiedad intelectual u otra violaci\u00f3n de derechos.<\/li>\n\n\n\n<li>2. Adem\u00e1s, American Scents Hygiene no garantiza ni hace ninguna representaci\u00f3n con respecto a la precisi\u00f3n, los resultados probables o la confiabilidad del uso de los materiales en su sitio web o en relaci\u00f3n con dichos materiales o en cualquier sitio vinculado a este sitio.<\/li>\n<\/ol>\n\n\n\n<h3 class=\"wp-block-heading\">4. Limitaciones<\/h3>\n\n\n\n<p>En ning\u00fan caso, American Scents Hygiene o sus proveedores ser\u00e1n responsables de los da\u00f1os (incluidos, entre otros, los da\u00f1os por p\u00e9rdida de datos o ganancias, o debido a la interrupci\u00f3n del negocio) que surjan del uso o la incapacidad de usar los materiales en el sitio web de American Scents Hygiene. sitio web, incluso si American Scents Hygiene o un representante autorizado de American Scents Hygiene ha sido notificado verbalmente o por escrito de la posibilidad de dicho da\u00f1o. Debido a que algunas jurisdicciones no permiten limitaciones en las garant\u00edas impl\u00edcitas o limitaciones de responsabilidad por da\u00f1os consecuentes o incidentales, es posible que estas limitaciones no se apliquen a usted.<\/p>\n\n\n\n<h3 class=\"wp-block-heading\">5. Precisi\u00f3n de los materiales<\/h3>\n\n\n\n<p>Los materiales que aparecen en el sitio web de American Scents Hygiene pueden incluir errores t\u00e9cnicos, tipogr\u00e1ficos o fotogr\u00e1ficos. American Scents Hygiene no garantiza que ninguno de los materiales en su sitio web sea preciso, completo o actual. American Scents Hygiene puede realizar cambios en los materiales contenidos en su sitio web en cualquier momento sin previo aviso. Sin embargo, American Scents Hygiene no se compromete a actualizar los materiales.<\/p>\n\n\n\n<h3 class=\"wp-block-heading\">6. Enlaces<\/h3>\n\n\n\n<p>American Scents Hygiene no ha revisado todos los sitios vinculados a su sitio web y no es responsable de los contenidos de dichos sitios vinculados. La inclusi\u00f3n de cualquier enlace no implica la aprobaci\u00f3n del sitio por parte de American Scents Hygiene. El uso de cualquier sitio web vinculado es por cuenta y riesgo del usuario.<\/p>\n\n\n\n<h3 class=\"wp-block-heading\">7. Modificaciones<\/h3>\n\n\n\n<p>American Scents Hygiene puede revisar estos t\u00e9rminos de servicio para su sitio web en cualquier momento sin previo aviso. Al usar este sitio web, usted acepta estar sujeto a la versi\u00f3n actual de estos t\u00e9rminos de servicio.<\/p>\n\n\n\n<h3 class=\"wp-block-heading\">8. Ley aplicable<\/h3>\n\n\n\n<p>Estos t\u00e9rminos y condiciones se rigen e interpretan de acuerdo con las leyes de American Scents Hygiene y usted se somete irrevocablemente a la jurisdicci\u00f3n exclusiva de los tribunales de ese Estado o ubicaci\u00f3n.<\/p>\n\n\n\n<h2 class=\"wp-block-heading\">M\u00e1s informaci\u00f3n<\/h2>\n\n\n\n<p>Con suerte, eso le ha aclarado las cosas y, como se mencion\u00f3 anteriormente, si hay algo que no est\u00e1 seguro de si necesita o no, generalmente es m\u00e1s seguro dejar las cookies habilitadas en caso de que interact\u00fae con una de las funciones que usa en nuestro sitio.<\/p>\n\n\n\n<p>Esta pol\u00edtica es efectiva a partir de <strong>Abr<\/strong> <strong>2023<\/strong>.<\/p>","protected":false},"excerpt":{"rendered":"<p>Pol\u00edtica de privacidad Su privacidad es importante para nosotros. La pol\u00edtica de American Scents Hygiene es respetar su privacidad con respecto a cualquier<\/p>","protected":false},"author":1,"featured_media":0,"parent":0,"menu_order":0,"comment_status":"closed","ping_status":"closed","template":"","meta":{"footnotes":""},"class_list":["post-8973","page","type-page","status-publish","hentry"],"_links":{"self":[{"href":"https:\/\/americanscentshygiene.com\/es\/wp-json\/wp\/v2\/pages\/8973","targetHints":{"allow":["GET"]}}],"collection":[{"href":"https:\/\/americanscentshygiene.com\/es\/wp-json\/wp\/v2\/pages"}],"about":[{"href":"https:\/\/americanscentshygiene.com\/es\/wp-json\/wp\/v2\/types\/page"}],"author":[{"embeddable":true,"href":"https:\/\/americanscentshygiene.com\/es\/wp-json\/wp\/v2\/users\/1"}],"replies":[{"embeddable":true,"href":"https:\/\/americanscentshygiene.com\/es\/wp-json\/wp\/v2\/comments?post=8973"}],"version-history":[{"count":3,"href":"https:\/\/americanscentshygiene.com\/es\/wp-json\/wp\/v2\/pages\/8973\/revisions"}],"predecessor-version":[{"id":8979,"href":"https:\/\/americanscentshygiene.com\/es\/wp-json\/wp\/v2\/pages\/8973\/revisions\/8979"}],"wp:attachment":[{"href":"https:\/\/americanscentshygiene.com\/es\/wp-json\/wp\/v2\/media?parent=8973"}],"curies":[{"name":"gracias","href":"https:\/\/api.w.org\/{rel}","templated":true}]}}